{"id":3077,"date":"2025-10-23T09:18:43","date_gmt":"2025-10-23T06:18:43","guid":{"rendered":"https:\/\/siirienoranta.com\/?post_type=product&#038;p=3077"},"modified":"2026-03-11T08:53:00","modified_gmt":"2026-03-11T05:53:00","slug":"keskusteluja-kukkasten-kanssa","status":"publish","type":"product","link":"https:\/\/siirienoranta.com\/en\/product\/keskusteluja-kukkasten-kanssa\/","title":{"rendered":"Keskusteluja kukkasten kanssa"},"content":{"rendered":"<blockquote><p><span style=\"font-size: medium;\">&#8221;Sona h\u00e4tk\u00e4hti, kun aivan h\u00e4nen viereens\u00e4 maahan rojahti kiihke\u00e4sti suuteleva pariskunta. Toisen t\u00e4ytyi olla leelitar \u2013 tai ehk\u00e4 vasta opiskelija, koska h\u00e4n n\u00e4ytti niin nuorelta \u2013 sill\u00e4 h\u00e4n oli pukeutunut p\u00e4\u00e4st\u00e4 varpaisiin vaaleanpunaiseen, ja jopa hiukset olivat samaa koruleelianroosaa. Toinen oli yksi \u00e4skeisist\u00e4 esiintyjist\u00e4, niist\u00e4 mahdottomista kieppujista. T\u00e4m\u00e4 oli viel\u00e4 suorituksen j\u00e4ljilt\u00e4 hikinen, ja leelitaropiskelijaa se ei selv\u00e4stik\u00e4\u00e4n haitannut.<\/span><\/p>\n<p>\u201d<span style=\"font-size: medium;\">Hups, Xaskia\u2026\u201d Korukarju mutisi ja irrottautui suudelmasta tajutessaan, ett\u00e4 he olivat kaatuneet melkein Sonan ja Irrin p\u00e4\u00e4lle, ja n\u00e4m\u00e4 olivat j\u00e4\u00e4neet tuijottamaan heit\u00e4 ehtim\u00e4tt\u00e4 ajatella, ett\u00e4 pit\u00e4isi katsoa kohteliaasti poisp\u00e4in.<\/span><\/p>\n<p><span style=\"font-size: medium;\">Sona n\u00e4ki ohikiit\u00e4v\u00e4n hetken ajan nuoren leelittaren kasvot hirvitt\u00e4v\u00e4n haavoittuvaisina, kun t\u00e4m\u00e4n silm\u00e4t viel\u00e4 olivat suljettuina ja suu raollaan, eik\u00e4 t\u00e4m\u00e4 osannut aavistaa kumppaninsa vet\u00e4ytyv\u00e4n poisp\u00e4in. Sitten leelitar avasi silm\u00e4ns\u00e4 ja ennemminkin kiukustui kuin nolostui, mutta pakottautui hymyilem\u00e4\u00e4n, kun kieppuja ojensi Sonalle k\u00e4tens\u00e4.&#8221;<\/span><\/p><\/blockquote>","protected":false},"excerpt":{"rendered":"<p>&nbsp;<\/p>\n<p>Voiko rakkaus kasvaa jaettaessa?<\/p>\n<p>Maagiset koruleeliat kukkivat onnellisessa Viisjoen mets\u00e4kyl\u00e4ss\u00e4. Jokainen Viisjoen asukas kunnioittaa kukkia omalla tavallaan. Xaskia opiskelee leelittareksi, ja h\u00e4nen rakastettunsa Naum veljineen lausuu, tanssii ja temppuilee. Muualta muuttanut Sona ei ymm\u00e4rr\u00e4 leelioiden ihmeellisyytt\u00e4, eik\u00e4 sen puoleen sit\u00e4, miksi h\u00e4nen el\u00e4m\u00e4ns\u00e4 pit\u00e4\u00e4 kietoutua peruuttamattomasti kipakan Xaskian asioihin. Ja onko Naumin pakko olla niin hurmaava!<\/p>\n<p>Vaarallisen taian seurauksena Xaskia joutuu satimeen loitsutodellisuuteen, jossa h\u00e4nell\u00e4 on seuranaan vain kummalliset, p\u00f6rr\u00f6iset, puhuvat sorkkael\u00e4imet. Xaskian on teht\u00e4v\u00e4 kaikkensa p\u00e4\u00e4st\u00e4kseen takaisin rakkaidensa luo, mutta voiko h\u00e4n onnistua ennen kuin on liian my\u00f6h\u00e4ist\u00e4?<\/p>\n<p>Lempe\u00e4 romaani vie seikkailuun, l\u00e4mmitt\u00e4\u00e4 ja hykerrytt\u00e4\u00e4, ja pohtii, mit\u00e4 tarkoittaa rakastaa rajattomasti.<\/p>\n<hr \/>\n<p>Ilmestyy 5.5.2026<\/p>","protected":false},"featured_media":0,"comment_status":"closed","ping_status":"closed","template":"","meta":{"_acf_changed":false},"product_brand":[],"product_cat":[19,183],"product_tag":[],"class_list":{"0":"post-3077","1":"product","2":"type-product","3":"status-publish","5":"product_cat-kaikki","6":"product_cat-viimeisimmat","8":"first","9":"instock","10":"shipping-taxable","11":"product-type-simple","13":"catalog-layout-default","14":"columns-xs-2"},"acf":[],"_links":{"self":[{"href":"https:\/\/siirienoranta.com\/en\/wp-json\/wp\/v2\/product\/3077","targetHints":{"allow":["GET"]}}],"collection":[{"href":"https:\/\/siirienoranta.com\/en\/wp-json\/wp\/v2\/product"}],"about":[{"href":"https:\/\/siirienoranta.com\/en\/wp-json\/wp\/v2\/types\/product"}],"replies":[{"embeddable":true,"href":"https:\/\/siirienoranta.com\/en\/wp-json\/wp\/v2\/comments?post=3077"}],"wp:attachment":[{"href":"https:\/\/siirienoranta.com\/en\/wp-json\/wp\/v2\/media?parent=3077"}],"wp:term":[{"taxonomy":"product_brand","embeddable":true,"href":"https:\/\/siirienoranta.com\/en\/wp-json\/wp\/v2\/product_brand?post=3077"},{"taxonomy":"product_cat","embeddable":true,"href":"https:\/\/siirienoranta.com\/en\/wp-json\/wp\/v2\/product_cat?post=3077"},{"taxonomy":"product_tag","embeddable":true,"href":"https:\/\/siirienoranta.com\/en\/wp-json\/wp\/v2\/product_tag?post=3077"}],"curies":[{"name":"wp","href":"https:\/\/api.w.org\/{rel}","templated":true}]}}