{"id":2985,"date":"2023-09-25T14:41:15","date_gmt":"2023-09-25T11:41:15","guid":{"rendered":"https:\/\/siirienoranta.com\/?post_type=product&#038;p=2985"},"modified":"2026-03-11T09:16:21","modified_gmt":"2026-03-11T06:16:21","slug":"keuhkopuiden-uni","status":"publish","type":"product","link":"https:\/\/siirienoranta.com\/en\/product\/keuhkopuiden-uni\/","title":{"rendered":"Keuhkopuiden uni"},"content":{"rendered":"<blockquote><p>&nbsp;<\/p><\/blockquote>\n<blockquote><p>&#8221;<span style=\"font-size: medium;\">Katica paiskomassa hakorink\u00e4pyj\u00e4 takkaan,<\/span><\/p>\n<p><span style=\"font-size: medium;\">valehtelemassa,<\/span><\/p>\n<p><span style=\"font-size: medium;\">tanssimassa niin kuin y\u00f6 ei koskaan saapuisi,<\/span><\/p>\n<p><span style=\"font-size: medium;\">makaamassa mahlalammikossa,<\/span><\/p>\n<p><span style=\"font-size: medium;\">painamassa kasvonsa vasten Seran siipien sis\u00e4pintaa,<\/span><\/p>\n<p><span style=\"font-size: medium;\">ker\u00e4\u00e4m\u00e4ss\u00e4 j\u00e4ykistyneit\u00e4 rupikonnanraatoja.<\/span><\/p>\n<p><span style=\"font-size: medium;\">Katica k\u00e4velem\u00e4ss\u00e4 l\u00e4p\u00e4isem\u00e4tt\u00f6m\u00e4n oaspensaikon <\/span><span style=\"font-size: medium;\">viert\u00e4 tunti toisensa per\u00e4\u00e4n.<\/span>&#8221;<\/p>\n<blockquote><p>&nbsp;<\/p><\/blockquote>\n<h3>Arvostelut<\/h3>\n<p><em>&#8221;&#8230;erinomainen romaani ihmisenkaltaisista olennoista kutkuttaa mielikuvitusta. \u2013 \u2013 Kokonaisuus hurmaa ja koskettaa. \u2013 \u2013 Romaanin henkil\u00f6hahmot on rakennettu taitavasti, ja varsinkin p\u00e4\u00e4henkil\u00f6ist\u00e4 l\u00f6ytyy moniulotteisuutta ja inhimillist\u00e4 ristiriitaisuutta.&#8221;<\/em><\/p>\n<p>\u2013 Toni Jerrman, Helsingin Sanomat<\/p>\n<hr \/>\n<p><em>&#8221;Keuhkopuiden uni on&#8230; huikea kostoromaani. \u2013 \u2013 Enoranta osaa avata koston kierteen rakenteen ja kuvailla sen v\u00e4kivaltaista luonnetta sek\u00e4 tekij\u00e4lle ett\u00e4 vastapuolelle kaikin tavoin mainiosti.&#8221;<\/em><\/p>\n<p>\u2013 Mari Viertola, Turun Sanomat<\/p>\n<hr \/>\n<p><em>&#8221;Sielukas ja omaper\u00e4inen, tarinaansa upottava romaani&#8230; \u2013 \u2013 Ensiluokkainen teos kiehtoo ajasta ja paikasta riippumatta ja her\u00e4tt\u00e4\u00e4 lukijan pohtimaan omia valintojaan sek\u00e4 valintojen seurauksia. Luontoteeman ohella inhimilliset tunteet kuten rakkaus, kateus, itsekkyys ja vallanhimo ovat universaaleja.&#8221;<\/em><\/p>\n<p>\u2013 Tulenkantaja-palkinnon esiraati<\/p>\n<hr \/>\n<p><em><span class=\"x193iq5w xeuugli x13faqbe x1vvkbs xlh3980 xvmahel x1n0sxbx x1lliihq x1s928wv xhkezso x1gmr53x x1cpjm7i x1fgarty x1943h6x xudqn12 x3x7a5m x6prxxf xvq8zen xo1l8bm xzsf02u x1yc453h\" dir=\"auto\">&#8221;Se mestarillinen tapa, jolla Enoranta kuvaa pinnan alla kytev\u00e4\u00e4 r\u00e4j\u00e4hdysherkkyytt\u00e4 ja niit\u00e4 sys\u00e4yksi\u00e4 ja arvaamattomuuksia, jotka aloittavat muutoksen ja johtavat uuteen kehityskauteen, onkin Keuhkopuiden unen parhainta antia.&#8221;<\/span><\/em><\/p>\n<p>\u2013 Tapani Uusiniitty, Ruovesi-lehti<\/p>\n<hr \/>\n<p><em>\u201d<span class=\"x193iq5w xeuugli x13faqbe x1vvkbs xlh3980 xvmahel x1n0sxbx x1lliihq x1s928wv xhkezso x1gmr53x x1cpjm7i x1fgarty x1943h6x xudqn12 x3x7a5m x6prxxf xvq8zen xo1l8bm xzsf02u x1yc453h\" dir=\"auto\">Keuhkopuiden uni kihisee ylenpalttisuutta, raadollisuutta, aisteissa pauhaavaa hy\u00f6nteisten vilin\u00e4\u00e4 ja puiden avunhuutoja. Ep\u00e4kronologinen kerronta paljastaa lukijalle tarinasta palan kerrallaan, mutta pysyy silti selke\u00e4n\u00e4 ja kirkkaana. Surumielisemmist\u00e4 ja synkemmist\u00e4 teemoista huolimatta Enorannan luoma ainutlaatuinen maailma lumoaa.&#8221;<\/span><\/em><\/p>\n<p>\u2013 Sini Helminen, Siniset helmet -blogi<\/p>\n<hr \/>\n<p><em><span class=\"x193iq5w xeuugli x13faqbe x1vvkbs xlh3980 xvmahel x1n0sxbx x1lliihq x1s928wv xhkezso x1gmr53x x1cpjm7i x1fgarty x1943h6x xudqn12 x3x7a5m x6prxxf xvq8zen xo1l8bm xzsf02u x1yc453h\" dir=\"auto\">&#8221;Siiri Enorannan yhdestoista romaani on oiva esimerkki taiteellisesti kunnianhimoisesta fantasiakirjallisuudesta. \u2013 \u2013 Se on l\u00e4hemp\u00e4n\u00e4 surrealismia kuin Tolkienia.&#8221;<\/span><\/em><\/p>\n<p>\u2013 Artemis Kelosaari, Suomen Kuvalehti<\/p>\n<hr \/>\n<p><em><span class=\"x193iq5w xeuugli x13faqbe x1vvkbs xlh3980 xvmahel x1n0sxbx x1lliihq x1s928wv xhkezso x1gmr53x x1cpjm7i x1fgarty x1943h6x xudqn12 x3x7a5m x6prxxf xvq8zen xo1l8bm xzsf02u x1yc453h\" dir=\"auto\">&#8221;Vuoden paras.&#8221;<br \/>\n<\/span><\/em><\/p>\n<p>\u2013 Jenni @mielenmaisemia, Kirjagram<\/p>\n<hr \/>\n<p><em>&#8221;Keuhkopuiden uni on oma\u00e4\u00e4ninen, monikerroksinen taidonn\u00e4yte.&#8221;<\/em><\/p>\n<p>\u2013 Helsingin Science Fiction Seura (T\u00e4htivaeltaja-palkinnon jakaja)<\/p><\/blockquote>\n<p>&nbsp;<\/p>\n<p>&nbsp;<\/p>","protected":false},"excerpt":{"rendered":"<p>Homo arboristen surkastuneet siivet muistuttavat esivanhempien taivaisiin ylt\u00e4neist\u00e4 lennoista. Ylenpalttiset kartanot ymp\u00e4r\u00f6iv\u00e4t keuhkopuita, joihin jokaisen on selviyty\u00e4kseen kytkeydytt\u00e4v\u00e4 y\u00f6ksi. Kutsuilla juorutaan myrkyllist\u00e4 siitep\u00f6ly\u00e4 levitt\u00e4v\u00e4st\u00e4 emopuusta ja siihen juurtuneista olennoista.<\/p>\n<p>Vapautta janoava Katica on tottunut hurmaamaan huvikseen seurapiirien j\u00e4senet, mutta kiehtova taidemesenaatti Sera vangitsee h\u00e4nen mielenkiintonsa. Katican veli suunnittelee lentokonetta, jolla p\u00e4\u00e4st\u00e4 takaisin taivaalle. Se ei seurapiirej\u00e4 hallinnoivan tohtorimarkiisin aatteisiin sovi. Yhdell\u00e4 teollaan Katica tuhoaa veljens\u00e4 ja tohtorimarkiisin suunnitelmat.<\/p>\n<p>Alkaa koston kierre, jonka j\u00e4lkeen maailma ei ole en\u00e4\u00e4 ennallaan.<\/p>\n<p>Keuhkopuiden uni on arvoituksellinen ja \u00e4lyk\u00e4s romaani ja dekadenttia fantasiaa huikeimmillaan.<\/p>\n<p>&nbsp;<\/p>\n<hr \/>\n<p>&nbsp;<\/p>\n<p><strong>Keuhkopuiden uni sai T\u00e4htivaeltaja-palkinnon 2025 ja oli Tulenkantaja-palkintoehdokas 2024 ja<\/strong><strong>\u00a0Kuvastaja-palkintoehdokas 2025.<\/strong><\/p>\n<p>&nbsp;<\/p>\n<hr \/>\n<p><!-- \/wp:paragraph --><\/p>\n<p><!-- wp:paragraph --><\/p>\n<p>Kustantamo Polar julkaisee Keuhkopuiden unen unkarinkielisen k\u00e4\u00e4nn\u00f6ksen. Kustantamo Aminori julkaisee Keuhkopuiden unen latviankielisen k\u00e4\u00e4nn\u00f6ksen.<\/p>","protected":false},"featured_media":3001,"comment_status":"closed","ping_status":"closed","template":"","meta":{"_acf_changed":false},"product_brand":[],"product_cat":[19,183],"product_tag":[],"class_list":{"0":"post-2985","1":"product","2":"type-product","3":"status-publish","4":"has-post-thumbnail","6":"product_cat-kaikki","7":"product_cat-viimeisimmat","9":"first","10":"instock","11":"shipping-taxable","12":"product-type-simple","14":"catalog-layout-default","15":"columns-xs-2"},"acf":[],"_links":{"self":[{"href":"https:\/\/siirienoranta.com\/en\/wp-json\/wp\/v2\/product\/2985","targetHints":{"allow":["GET"]}}],"collection":[{"href":"https:\/\/siirienoranta.com\/en\/wp-json\/wp\/v2\/product"}],"about":[{"href":"https:\/\/siirienoranta.com\/en\/wp-json\/wp\/v2\/types\/product"}],"replies":[{"embeddable":true,"href":"https:\/\/siirienoranta.com\/en\/wp-json\/wp\/v2\/comments?post=2985"}],"wp:featuredmedia":[{"embeddable":true,"href":"https:\/\/siirienoranta.com\/en\/wp-json\/wp\/v2\/media\/3001"}],"wp:attachment":[{"href":"https:\/\/siirienoranta.com\/en\/wp-json\/wp\/v2\/media?parent=2985"}],"wp:term":[{"taxonomy":"product_brand","embeddable":true,"href":"https:\/\/siirienoranta.com\/en\/wp-json\/wp\/v2\/product_brand?post=2985"},{"taxonomy":"product_cat","embeddable":true,"href":"https:\/\/siirienoranta.com\/en\/wp-json\/wp\/v2\/product_cat?post=2985"},{"taxonomy":"product_tag","embeddable":true,"href":"https:\/\/siirienoranta.com\/en\/wp-json\/wp\/v2\/product_tag?post=2985"}],"curies":[{"name":"wp","href":"https:\/\/api.w.org\/{rel}","templated":true}]}}