{"id":2843,"date":"2021-09-06T08:37:42","date_gmt":"2021-09-06T05:37:42","guid":{"rendered":"http:\/\/siirienoranta.com\/?post_type=product&#038;p=2843"},"modified":"2024-12-19T16:27:06","modified_gmt":"2024-12-19T13:27:06","slug":"maailmantyttaret","status":"publish","type":"product","link":"https:\/\/siirienoranta.com\/en\/product\/maailmantyttaret\/","title":{"rendered":"Maailmantytt\u00e4ret"},"content":{"rendered":"<blockquote><p>&#8221;Historiankirjoituksemme ovat t\u00e4ynn\u00e4 vision\u00e4\u00e4rej\u00e4, jotka ovat keksineet uusia uljaita maailmanj\u00e4rjestyksi\u00e4, runnoneet niit\u00e4 v\u00e4kisin toteutukseen tai unelmoineet niist\u00e4 vaiti ullakkoikkunoissa. Jotkut sanovat, ett\u00e4 maailma on ennustamattoman j\u00e4rjett\u00f6myyden koneisto. Kauniilla ajatuksilla on ollut tuhoisia seurauksia, ja hirveimm\u00e4n sorron alta ovat puskeneet uuden sivistyksen juuret. Toiset ovat sit\u00e4 mielt\u00e4, ett\u00e4 maailma, tai ainakin ihmiskunnan historia, on ennustettavissa oleva j\u00e4rjestelm\u00e4, jonka aikakaudet kulkevat syklisesti tuhosta kukoistukseen, tuhosta kukoistukseen. Ihminen on itsek\u00e4s, vallanhimoinen, v\u00e4kivaltainen, helposti korruptoituva el\u00e4in. N\u00e4in on v\u00e4itetty maanviljelyksen keksimisen j\u00e4lkeisess\u00e4 yksityisomistuksen maailmassa, jota ei koskaan ole jaettu tasan kaikkien elollisten olentojen kesken, ja jossa on t\u00e4ytynyt taistella tai turruttaa itsens\u00e4 selviyty\u00e4kseen. Ihminen on ep\u00e4itsek\u00e4s, rakkauden motivoima el\u00e4in, joka kukoistaa saadessaan ty\u00f6skennell\u00e4 muiden hyv\u00e4ksi. N\u00e4in alettiin v\u00e4itt\u00e4\u00e4 Maailmankodin rakennuspalikoita pystytett\u00e4ess\u00e4, ja ennustus toteuttaa itse\u00e4\u00e4n. Se toteuttaa itse\u00e4\u00e4n, pitk\u00e4lti.&#8221;<\/p><\/blockquote>\n<p>&nbsp;<\/p>\n<h3>Arvostelut<\/h3>\n<p><em><span class=\"x1lliihq x1plvlek xryxfnj x1n2onr6 x193iq5w xeuugli x1fj9vlw x13faqbe x1vvkbs x1s928wv xhkezso x1gmr53x x1cpjm7i x1fgarty x1943h6x x1i0vuye xvs91rp xo1l8bm x5n08af x10wh9bi x1wdrske x8viiok x18hxmgj\" dir=\"auto\"><span class=\"x193iq5w xeuugli x1fj9vlw x13faqbe x1vvkbs xt0psk2 x1i0vuye xvs91rp xo1l8bm x5n08af x10wh9bi x1wdrske x8viiok x18hxmgj\">\u201dMaailmantytt\u00e4ret \u2013 \u2013 vahvistaa jo ennest\u00e4\u00e4n h\u00e4nen ilmi\u00f6m\u00e4ist\u00e4 osaamistaan kokonaisten, ehjien maailmojen luojana. Enoranta kietoo romaanissaan sujuvasti yhteen kysymykset tasa-arvoisista yhteiskuntaj\u00e4rjestelmist\u00e4, kulutuskeskeisest\u00e4 kapitalismista sek\u00e4 luonnon ja lajikirjon elvytt\u00e4misest\u00e4. Ajassa, jossa el\u00e4m\u00e4 ekokatastrofin kynnyksell\u00e4 tuo paljon toivottomuutta ja surua, saa Enoranta katsomaan nykymaailmaa toisin ja samalla kannustaa tavoittelemaan toisenlaista tulevaisuutta.\u201d<\/span><\/span><\/em><\/p>\n<p>\u2013 Anni Swan -mitalin arvostelulautakunta, IBBY Finland<\/p>\n<hr \/>\n<p><em>&#8221;Romaanin idealismi on ihastuttavan avointa ja h\u00e4pe\u00e4m\u00e4t\u00f6nt\u00e4, tiedostaen saarnaamisen sudenkuopat ja rynn\u00e4ten niit\u00e4 kohti iloisesti nauraen. \u2013 \u2013 &#8230;Maailmantytt\u00e4rille, uljaalle utopialle, jonka toivoisi p\u00e4\u00e4tyv\u00e4n kaiken maailman p\u00e4\u00e4tt\u00e4jien k\u00e4siin.&#8221;<\/em><\/p>\n<p>\u2013 Arla Kanerva, Helsingin Sanomat<\/p>\n<hr \/>\n<p><em>\u201dMaailmankodin utopia on yht\u00e4 aikaa kaukainen mutta silti riitt\u00e4v\u00e4n realistinen, ett\u00e4 siihen pystyy uskomaan. P\u00e4\u00e4henkil\u00f6iden matka avaa maailmaa lukijalle ja kertoo samalla paljon itsens\u00e4 ja toisten hyv\u00e4ksymisest\u00e4, luonnonvarojen rajallisuudesta ja rakkauden rajattomuudesta. Kirjan ainoa huono puoli on, ettei sen lupaama maailma ole \u2013 viel\u00e4 \u2013 totta.\u201d<\/em><\/p>\n<p>\u2013 Joonas Riekkola, Savon Sanomat<\/p>\n<hr \/>\n<p><em>&#8221;Romaani on kuvaus tulevaisuuden maailmasta, jossa ilmastokriisin ja ymp\u00e4rist\u00f6n saastumisen ongelmat on ratkaistu. T\u00e4llaista toiveikkuutta kaivataan spefiin juuri nyt.&#8221;<\/em><\/p>\n<p>\u2013 Niina Tolonen, T\u00e4htivaeltaja<\/p>\n<hr \/>\n<p><em>&#8221;Enoranta on rakentanut utopiansa paikaksi, jossa haluaisin koettaa el\u00e4\u00e4. Luin kirjaa viivytellen ja makustellen, toivoin voivani j\u00e4\u00e4d\u00e4 sen sivuille lep\u00e4\u00e4m\u00e4\u00e4n viel\u00e4 pitemm\u00e4ksi aikaa. \u2013 \u2013 &#8230;yksi virkist\u00e4vimmist\u00e4 viime vuosina ilmestyneist\u00e4 teoksista.&#8221;<\/em><\/p>\n<p>\u2013 Mia Myllym\u00e4ki, Kosmoskyn\u00e4<\/p>\n<hr \/>\n<p><em>&#8221;Enoranta on yksi parhaista kotimaisista genre-kirjailijoista t\u00e4ll\u00e4 hetkell\u00e4, eik\u00e4 Maailmantytt\u00e4ret tee poikkeusta h\u00e4nen linjaansa sen suhteen. Vaikka kirja on n\u00e4enn\u00e4isesti nuortenkirja, voi sit\u00e4 suositella kyll\u00e4 ihan kaikille, etenkin kun n\u00e4in onnistuneita utopia-kuvauksia ei juurikaan ole julkaistu.&#8221;<\/em><\/p>\n<p>\u2013 Marianne Leikomaa, Portti Science Fiction -lehti<\/p>\n<hr \/>\n<p><em>&#8221;Maailmantytt\u00e4ret on kirja, joka pursuaa el\u00e4m\u00e4\u00e4 ja rakkautta sek\u00e4 antaa toivoa paremmasta tulevaisuudesta.&#8221;<br \/>\n<\/em>\u2013 Venla Virta, H\u00e4meen Sanomat<\/p>\n<p><em>\u00a0<\/em><\/p>\n<p>&nbsp;<\/p>","protected":false},"excerpt":{"rendered":"<p>&#8221;Me oltiin enemm\u00e4n tai v\u00e4hemm\u00e4n orpoja, ja me p\u00e4\u00e4tettiin enemm\u00e4n tai v\u00e4hemm\u00e4n pelastaa maailma.&#8221;<\/p>\n<p>Rohkeudessaan pys\u00e4ytt\u00e4v\u00e4 utopia Maailmankodista, jossa ihmiset ovat yhdenvertaisia, luonto on elpym\u00e4ss\u00e4 ja kapitalismi romutettu. Viiden tyt\u00f6n matka on kangastus seikkailuromaanista, moderni tytt\u00f6kirja ja vision\u00e4\u00e4rinen tutkielma yst\u00e4vyydest\u00e4 ja paremmasta maailmasta.<\/p>\n<p>He tapaavat Sopusointu-leirill\u00e4 yksin\u00e4isille. Lise-Lotten vanhemmat vei nunezia-kuume, Kaia suree perhett\u00e4\u00e4n ja Ritvaa ottaa p\u00e4\u00e4h\u00e4n Maailmankodin tekopyh\u00e4 meininki. Zerindan aivoja runtelevat esi\u00e4idin muistot maailmanlopun partaalta, eik\u00e4 h\u00e4n tied\u00e4 kenen ajatuksia milloinkin ajattelee. Joselinan veli on kuollut salaper\u00e4isten konehy\u00f6nteisten hy\u00f6kk\u00e4yksess\u00e4, ja tyt\u00f6t l\u00e4htev\u00e4t yhdess\u00e4 selvitt\u00e4m\u00e4\u00e4n totuutta hy\u00f6nteisist\u00e4. Mysteeri vie heid\u00e4t taistellen ja tanssien l\u00e4pi Maailmankodin ihmeiden. Siiri Enorannan tulevaisuudenkuvitelma h\u00e4ik\u00e4isee el\u00e4m\u00e4nvoimallaan ja palauttaa lukijan kyvyn unelmoida.<\/p>\n<hr \/>\n<p><strong>Maailmantytt\u00e4ret oli Topelius-palkintoehdokkaana 2023. Se <\/strong><strong>sai Nuori Aleksis 2023 -palkinnon sek\u00e4<\/strong><strong> Anni Swan -mitalin 2024.<\/strong><\/p>\n<hr \/>\n<h3><\/h3>","protected":false},"featured_media":2845,"comment_status":"closed","ping_status":"closed","template":"","meta":{"_acf_changed":false},"product_brand":[],"product_cat":[19,183],"product_tag":[],"class_list":{"0":"post-2843","1":"product","2":"type-product","3":"status-publish","4":"has-post-thumbnail","6":"product_cat-kaikki","7":"product_cat-viimeisimmat","9":"first","10":"instock","11":"shipping-taxable","12":"product-type-simple","14":"catalog-layout-default","15":"columns-xs-2"},"acf":[],"_links":{"self":[{"href":"https:\/\/siirienoranta.com\/en\/wp-json\/wp\/v2\/product\/2843","targetHints":{"allow":["GET"]}}],"collection":[{"href":"https:\/\/siirienoranta.com\/en\/wp-json\/wp\/v2\/product"}],"about":[{"href":"https:\/\/siirienoranta.com\/en\/wp-json\/wp\/v2\/types\/product"}],"replies":[{"embeddable":true,"href":"https:\/\/siirienoranta.com\/en\/wp-json\/wp\/v2\/comments?post=2843"}],"wp:featuredmedia":[{"embeddable":true,"href":"https:\/\/siirienoranta.com\/en\/wp-json\/wp\/v2\/media\/2845"}],"wp:attachment":[{"href":"https:\/\/siirienoranta.com\/en\/wp-json\/wp\/v2\/media?parent=2843"}],"wp:term":[{"taxonomy":"product_brand","embeddable":true,"href":"https:\/\/siirienoranta.com\/en\/wp-json\/wp\/v2\/product_brand?post=2843"},{"taxonomy":"product_cat","embeddable":true,"href":"https:\/\/siirienoranta.com\/en\/wp-json\/wp\/v2\/product_cat?post=2843"},{"taxonomy":"product_tag","embeddable":true,"href":"https:\/\/siirienoranta.com\/en\/wp-json\/wp\/v2\/product_tag?post=2843"}],"curies":[{"name":"wp","href":"https:\/\/api.w.org\/{rel}","templated":true}]}}