{"id":2450,"date":"2012-07-20T18:16:37","date_gmt":"2012-07-20T15:16:37","guid":{"rendered":"http:\/\/siirienoranta.com\/?post_type=product&#038;p=2450"},"modified":"2022-04-11T10:45:19","modified_gmt":"2022-04-11T07:45:19","slug":"painajaisten-lintukoto","status":"publish","type":"product","link":"https:\/\/siirienoranta.com\/en\/product\/painajaisten-lintukoto\/","title":{"rendered":"Painajaisten lintukoto"},"content":{"rendered":"<blockquote><p>&nbsp;<\/p>\n<p>\u201dPelk\u00e4sin ettet pit\u00e4isi minusta en\u00e4\u00e4.\u201d<br \/>\n\u201dAi jos olisit samanlainen kuin min\u00e4?\u201d<br \/>\n\u201dNiin, koska sin\u00e4 et halua olla sin\u00e4.\u201d<br \/>\n\u201dMutta sin\u00e4 haluat minun olevan min\u00e4?\u201d Tui kysyi \u00e4\u00e4nell\u00e4 joka oli ohut kuin pikkiriikkisen h\u00e4m\u00e4h\u00e4kin seitti.<br \/>\n\u201dNiin.\u201d<br \/>\n\u201dKyll\u00e4 min\u00e4kin sitten haluan. Ett\u00e4 sin\u00e4 olet Lunni. Mutta sellainen Lunni joka ei valehtele.\u201d<br \/>\nH\u00e4n meni ovesta yht\u00e4 hiljaa kuin oli tullutkin. Kyyhky huikkasi h\u00e4nen per\u00e4\u00e4ns\u00e4 <em>uu-hu<\/em>. Min\u00e4 jatkoin sen silitt\u00e4mist\u00e4. En ollut n\u00e4hnyt Tuista kuin oikean k\u00e4sivarren ja senkin udun l\u00e4pi. Mietin oliko h\u00e4n todella edes ollut siin\u00e4. Mutta kyll\u00e4 h\u00e4n oli. Tui piti minusta sellaisena kuin olin. Kunhan puhuisin totta. Minun paidalleni putosi poskeltani jotain m\u00e4rk\u00e4\u00e4 kun sain ajateltua loppuun ajatuksen joka minussa oli ollut jo vaikka kuinka kauan, sen mit\u00e4 en olisi halunnut sanoa itselleni edes oman p\u00e4\u00e4ni sis\u00e4ll\u00e4. Etten min\u00e4 tiennyt miten lakata valehtelemasta. Etten tiennyt oliko olemassa Lunnia, joka ei valehtele.<\/p>\n<p>&nbsp;<\/p><\/blockquote>\n<hr \/>\n<h3>Arvostelut<\/h3>\n<p><em>&#8221;Enoranta k\u00e4ytt\u00e4\u00e4 kielt\u00e4 kauniisti, herkuttelee linnunnimill\u00e4 ja kertoo vankasti. Painajaisten lintukodon loppu on hieno yhdistelm\u00e4 kauneutta ja kauheutta.&#8221;<\/em><\/p>\n<p>&#8211; Vesa Sis\u00e4tt\u00f6, Helsingin Sanomat.<\/p>\n<hr \/>\n<p><em>&#8221;Teoksen teemoissa toistuu k\u00e4rsimys ja kuolema. Tapa, jolla Enoranta kirjoittaa ne l\u00e4sn\u00e4olevaksi, on kaunis, jopa runollinen. Tapahtumien tasolla k\u00e4rsimys ja kuolema on karua, mutta osana teoksen tyyli\u00e4 ja tunnelmaa hyvin voimallista, etenkin henkil\u00f6hahmokuvauksen kautta.&#8221;<br \/>\n<\/em><br \/>\n&#8211; Maria Loikkanen, Keskisuomalainen.<\/p>\n<hr \/>\n<p><em>&#8221;Painajaisten lintukoto kertoo paitsi painajaisista my\u00f6s unen ja toden v\u00e4lisest\u00e4 rajasta sek\u00e4 rajasta ihmisten, el\u00e4inten ja koneiden v\u00e4lill\u00e4. Samalla se k\u00e4sittelee ainakin tunteita ja niihin liittyv\u00e4\u00e4 kipua, itsekkyytt\u00e4 sek\u00e4 vallanhalua ja vastuuta. Pohjalla on klassinen hyv\u00e4n ja pahan taistelu, mutta ilman mustavalkoisuutta.&#8221;<br \/>\n<\/em><br \/>\n&#8211; Maaria Rousu, Pohjalainen.<\/p>\n<hr \/>\n<p><em>&#8221;Painajaisten lintukodossa on oleellisinta siit\u00e4 v\u00e4littyv\u00e4 tunnelma. Unitodellisuuden ja valvemaailman yhdist\u00e4minen sek\u00e4 yhteydet niiden v\u00e4lill\u00e4 tuovat tarinaan salaper\u00e4isyytt\u00e4. Se s\u00e4vyttyy vasta lopussa purkautuvaksi pahaenteisyydeksi&#8230;&#8221;<br \/>\n<\/em><br \/>\n&#8211; Tapani Uusiniitty, Ruovesi-lehti.<\/p>\n<hr \/>\n<p><em>&#8221;Nuoresta i\u00e4st\u00e4\u00e4n huolimatta Enoranta karttaa ilmeisimpi\u00e4 pintaliitotrendej\u00e4 ja luo fantasian nosteessa aina uutta ja erilaista. Enorannassa \u00e4llistytt\u00e4\u00e4 hyvin pakottomasti soljuva fabuloinnin ilo ja taito luoda toinen toistaan kummallisempia milj\u00f6it\u00e4.&#8221;<\/em><\/p>\n<p>&#8211; P\u00e4ivi Heikkil\u00e4-Halttunen, Lastenkirjahylly-blogi.<\/p>\n<p>&nbsp;<\/p>","protected":false},"excerpt":{"rendered":"<p>Lunni haluaa n\u00e4hd\u00e4 Tihkalaitumen tuhannet erilaiset kukat ja Sysm\u00e4mets\u00e4n ikivanhat puut, h\u00e4n haluaa laskea jokaisen kosken joka laskettavissa on ja ei ole, h\u00e4n haluaa tiet\u00e4\u00e4 millainen on Myryj\u00e4\u00e4 kaukana pohjoisessa, ent\u00e4 kuinka korkea todella on Nurjavuori. Alas on kuitenkin kielletty\u00e4 menn\u00e4, on kielletty\u00e4 astua tosimaailmaan. Niin Lunni n\u00e4kee unta mutta unelmoi valveillaolosta, yritt\u00e4\u00e4 tehd\u00e4 niin kuin kuuluu mutta ei voi lakata ajattelemasta seikkailua, joka h\u00e4nt\u00e4 odottaa.<\/p>\n<p>Painajaisten lintukoto on tarina pojasta, joka ei tarkalleen ottaen ole ihminen, ei valetta eik\u00e4 totta vaan jotakin silt\u00e4 v\u00e4lilt\u00e4, ja h\u00e4nen matkastaan todellisen maailman seikkailuihin vuosikausien unenn\u00e4\u00f6n j\u00e4lkeen. H\u00e4n kohtaa tuulta sy\u00f6v\u00e4n konetyt\u00f6n nimelt\u00e4 Tui, ja Palilan, joka on kasvattanut salaper\u00e4isell\u00e4 eliksiirill\u00e4 ratsuikseen j\u00e4ttim\u00e4isi\u00e4 lintuja. Tosi on tarua ihmeellisemp\u00e4\u00e4, mutta Kaarniolasta kantautuu kamalia huhuja, ja jossakin siell\u00e4 mist\u00e4 Torkkujoki laskee, kerrotaan painajaisten hirvi\u00f6n itkev\u00e4n vett\u00e4 suolaiseksi.<\/p>\n<p><strong>Painajaisten lintukoto oli Kuvastaja-palkintoehdokkaana 2013.<\/strong><\/p>","protected":false},"featured_media":319,"comment_status":"closed","ping_status":"closed","template":"","meta":{"_acf_changed":false},"product_brand":[],"product_cat":[19],"product_tag":[],"class_list":{"0":"post-2450","1":"product","2":"type-product","3":"status-publish","4":"has-post-thumbnail","6":"product_cat-kaikki","8":"first","9":"instock","10":"shipping-taxable","11":"product-type-simple","13":"catalog-layout-default","14":"columns-xs-2"},"acf":[],"_links":{"self":[{"href":"https:\/\/siirienoranta.com\/en\/wp-json\/wp\/v2\/product\/2450","targetHints":{"allow":["GET"]}}],"collection":[{"href":"https:\/\/siirienoranta.com\/en\/wp-json\/wp\/v2\/product"}],"about":[{"href":"https:\/\/siirienoranta.com\/en\/wp-json\/wp\/v2\/types\/product"}],"replies":[{"embeddable":true,"href":"https:\/\/siirienoranta.com\/en\/wp-json\/wp\/v2\/comments?post=2450"}],"wp:featuredmedia":[{"embeddable":true,"href":"https:\/\/siirienoranta.com\/en\/wp-json\/wp\/v2\/media\/319"}],"wp:attachment":[{"href":"https:\/\/siirienoranta.com\/en\/wp-json\/wp\/v2\/media?parent=2450"}],"wp:term":[{"taxonomy":"product_brand","embeddable":true,"href":"https:\/\/siirienoranta.com\/en\/wp-json\/wp\/v2\/product_brand?post=2450"},{"taxonomy":"product_cat","embeddable":true,"href":"https:\/\/siirienoranta.com\/en\/wp-json\/wp\/v2\/product_cat?post=2450"},{"taxonomy":"product_tag","embeddable":true,"href":"https:\/\/siirienoranta.com\/en\/wp-json\/wp\/v2\/product_tag?post=2450"}],"curies":[{"name":"wp","href":"https:\/\/api.w.org\/{rel}","templated":true}]}}