{"id":2448,"date":"2013-07-20T18:12:21","date_gmt":"2013-07-20T15:12:21","guid":{"rendered":"http:\/\/siirienoranta.com\/?post_type=product&#038;p=2448"},"modified":"2022-04-11T10:47:49","modified_gmt":"2022-04-11T07:47:49","slug":"nokkosvallankumous","status":"publish","type":"product","link":"https:\/\/siirienoranta.com\/en\/product\/nokkosvallankumous\/","title":{"rendered":"Nokkosvallankumous"},"content":{"rendered":"<blockquote><p>&nbsp;<\/p>\n<p>&#8221;Potkaisin lis\u00e4\u00e4 vauhtia lautaani ja kiihdytin muiden edelle. Sin\u00e4 p\u00e4iv\u00e4n\u00e4 ajatukseni eiv\u00e4t totelleet. Vayussa oli jotain v\u00e4\u00e4r\u00e4\u00e4. H\u00e4n istui Mattanin py\u00f6r\u00e4n ohjaustangolla ja puristi sit\u00e4 kaksin k\u00e4sin naama valkeana ja min\u00e4 kielt\u00e4ydyin katsomasta h\u00e4nt\u00e4. H\u00e4n sai minut kuvittelemaan omituisia asioita. Ehk\u00e4 se oli p\u00f6lyn sivuvaikutuksia, sill\u00e4 p\u00e4\u00e4ns\u00e4rky\u00e4 minulle ei tullut eik\u00e4 nen\u00e4verenvuotoja niin kuin muille. Oli vain ihoni joka oli viel\u00e4 tavallistakin harmaampi ja kumman karhea.<br \/>\n\u201dKai me otetaan Vayu mukaan\u201d, Miknor oli sanonut sen j\u00e4lkeen kun me olimme kaivaneet laudanp\u00e4tkill\u00e4 ja sorkkaraudoilla matalan kuopan, johon olimme laskeneet Vayun \u00e4idin hiiltyneet luut. Vayu ei ollut osallistunut kaivamiseen eik\u00e4 kukaan ollut sit\u00e4 odottanutkaan. Aie oli pit\u00e4nyt h\u00e4nelle seuraa kivell\u00e4 istuen. \u201dEih\u00e4n sill\u00e4 ole mit\u00e4\u00e4n paikkaa minne menn\u00e4\u201d, Miknor oli sanonut. \u201dVai onko, Vayu?\u201d<br \/>\n\u201dEi\u201d, sanoi Vayu ja h\u00e4nen kasvonsa olivat tyhj\u00e4t.<br \/>\nTietenkin me ottaisimme h\u00e4net mukaan niin kuin me olisimme ottaneet kenet tahansa orvon, hyl\u00e4tyn, karanneen, yksin\u00e4isen. Niit\u00e4 me olimme, Nokkoset, ja niist\u00e4 me kasvoimme. Mutta se ei ollut tullut mieleeni. En ollut antanut sen tulla mieleeni. Mutta kun se oli Miknor joka ehdotti, se ei olisi minun vikani. Min\u00e4 en halunnut Vayua mukaan, Miknor halusi. Kriton t\u00e4ytyisi ymm\u00e4rt\u00e4\u00e4 se.<br \/>\n\u201dHaluatko s\u00e4 tulla?\u201d kysyin katsomatta sinisiin silmiin. Olin etsinyt niit\u00e4 viikkoja ja nyt ne olivat siin\u00e4, niiden t\u00e4ytyi olla, ei kell\u00e4\u00e4n muulla ollut sellaisia haaleansinisi\u00e4 sudensilmi\u00e4, ja en voinut katsoa niit\u00e4. \u201dHaluatko s\u00e4 liitty\u00e4 Nokkosiin?\u201d<\/p><\/blockquote>\n<hr \/>\n<h3>Arvostelut<\/h3>\n<p><em>&#8221;Yksi t\u00e4m\u00e4n hetken kiinnostavimmista kotimaisista nuorten fantasiakirjailijoista on Siiri Enoranta. H\u00e4nen uutuutensa Nokkosvallankumous yhdist\u00e4\u00e4 omalaatuisella tavalla dystooppisen tieteiskirjallisuuden ja fantasian.&#8221;<\/em><\/p>\n<p>&#8211; Vesa Sis\u00e4tt\u00f6, Helsingin Sanomat<\/p>\n<hr \/>\n<p><em>&#8221;Kokemuksen l\u00e4pi kuitenkin puskee hyv\u00e4ll\u00e4 tavalla kirjailijan nuoruus: kyky ajatella v\u00e4h\u00e4n toisin kuin aiemmat sukupolvet ja halu luoda v\u00e4h\u00e4n uudenlainen kirjallinen maailma. Kielikuvat ovat raikkaita, viisaita, kauniita ja omia, samoin koko tarinaa v\u00e4ritt\u00e4v\u00e4 maailmankuva.&#8221;<br \/>\n<\/em><br \/>\n&#8211; Kaisa J\u00e4rvel\u00e4, Aamulehti<\/p>\n<hr \/>\n<p><em>&#8221;Takakannen teksti lupaa kirjan olevan \u201ctulevaisuudenkuva, fantasiasatu, dystopiahelvetti ja rakkaustarina\u201d, kaikki yhdess\u00e4 paketissa. Ja tekstin laatijan kunniaksi on todettava, ett\u00e4 t\u00e4ll\u00e4 kertaa mainonta ei johda harhaan \u2013 Nokkosvallankumous todella on kaikkia n\u00e4it\u00e4 asioita. Yhdistelm\u00e4 on erikoinen, mutta toimii.&#8221;<br \/>\n<\/em><br \/>\n&#8211; Oona Juutinen, Voima<\/p>\n<hr \/>\n<p><em>&#8221;Enorannan kieli on heng\u00e4stytt\u00e4v\u00e4n tihe\u00e4\u00e4 ja vauhdikkaista tapahtumista huolimatta v\u00e4liin unenomaisen lyyrist\u00e4. Nokkosvallankumous on yksi kimmelt\u00e4v\u00e4 esimerkki siit\u00e4, miten lahjakkaasti kotimaiset kirjailijamme osaavat jopa tarttuessaan ulkomaiseen buumiin v\u00e4rj\u00e4t\u00e4 sen el\u00e4v\u00e4ksi omaper\u00e4isell\u00e4 paletillaan.&#8221;<br \/>\n<\/em><br \/>\n&#8211; Sini Helminen, Onnimanni<\/p>\n<hr \/>\n<p>&#8221;&#8230;<em>kyseess\u00e4 on harvinaislaatuinen kirjailija, jolla on mahdollisuudet mihin tahansa, kun kaikki palaset loksahtavat kohdilleen. Niin on k\u00e4ynyt Nokkosvallankumouksessa. Rakastin sit\u00e4.&#8221;<br \/>\n<\/em><br \/>\n&#8211; Marjis, Kirjamielell\u00e4-blogi<\/p>\n<hr \/>\n<p><em>&#8221;Nokkosvallankumous on monin tavoin hyvin vaikuttava teos. J\u00e4lleen ihmetellen totesin kirjan loppuun p\u00e4\u00e4sty\u00e4ni, ett\u00e4 kirjailijan mielikuvitus on k\u00e4sitt\u00e4m\u00e4t\u00f6n ihme! &#8211; &#8211; Kirjan maailma on monin tavoin t\u00e4ydellinen, jos niin voi sanoa t\u00e4ysin rikki menneest\u00e4 maailmasta. Mytologinen aines nivoutuu vaivattomasti tarinaan, eik\u00e4 sit\u00e4 aseta kertaakaan lukiessaan kyseenalaiseksi. Tarina on surullinen, kaunis, pelottava, kauhea ja vaikka mit\u00e4.&#8221;<\/em><\/p>\n<p>&#8211; Kirsin kirjanurkka -blogi<\/p>","protected":false},"excerpt":{"rendered":"<p>Dharan on aina ollut se jonka harteille kaikki lankeaa, se joka johdattaa maailman vallankumoukseen, se joka korjaa kaiken ja se jonka vuoksi kaikki tuhoutuu. Vayu ei ole koskaan ollut kukaan. He kohtaavat todellisuudessa, jossa aurinko ei ole paistanut en\u00e4\u00e4 vuosiin, sivistyksen tukirakenteet ovat murtuneet, ja resuiset Nokkoslapset kytev\u00e4t kapinaansa vallatussa huvipuistossa. Mutta he kohtaavat my\u00f6s siin\u00e4 toisessa paikassa, jossa jalava viel\u00e4 tanssittaa varjoja heid\u00e4n alastomalla ihollaan, paratiisissa jonka menneisyys on verest\u00e4 m\u00e4rk\u00e4.<\/p>\n<p>Nokkosvallankumous on realistinen tulevaisuudenkuva, fantasiasatu, dystopiahelvetti ja kahden pojan rakkaustarina, Nokkosvallankumous on maailmankaikkeuksien rajapintoja raapiva salaisuus.<\/p>\n<hr \/>\n<p><strong>Nokkosvallankumous oli Topelius-palkintoehdokkaana sek\u00e4 Kuvastaja-palkintoehdokkaana 2014 ja sai Tampereen kaupungin kirjallisuuspalkinnon 2013.<\/strong><\/p>","protected":false},"featured_media":355,"comment_status":"closed","ping_status":"closed","template":"","meta":{"_acf_changed":false},"product_brand":[],"product_cat":[19],"product_tag":[],"class_list":{"0":"post-2448","1":"product","2":"type-product","3":"status-publish","4":"has-post-thumbnail","6":"product_cat-kaikki","8":"first","9":"instock","10":"shipping-taxable","11":"product-type-simple","13":"catalog-layout-default","14":"columns-xs-2"},"acf":[],"_links":{"self":[{"href":"https:\/\/siirienoranta.com\/en\/wp-json\/wp\/v2\/product\/2448","targetHints":{"allow":["GET"]}}],"collection":[{"href":"https:\/\/siirienoranta.com\/en\/wp-json\/wp\/v2\/product"}],"about":[{"href":"https:\/\/siirienoranta.com\/en\/wp-json\/wp\/v2\/types\/product"}],"replies":[{"embeddable":true,"href":"https:\/\/siirienoranta.com\/en\/wp-json\/wp\/v2\/comments?post=2448"}],"wp:featuredmedia":[{"embeddable":true,"href":"https:\/\/siirienoranta.com\/en\/wp-json\/wp\/v2\/media\/355"}],"wp:attachment":[{"href":"https:\/\/siirienoranta.com\/en\/wp-json\/wp\/v2\/media?parent=2448"}],"wp:term":[{"taxonomy":"product_brand","embeddable":true,"href":"https:\/\/siirienoranta.com\/en\/wp-json\/wp\/v2\/product_brand?post=2448"},{"taxonomy":"product_cat","embeddable":true,"href":"https:\/\/siirienoranta.com\/en\/wp-json\/wp\/v2\/product_cat?post=2448"},{"taxonomy":"product_tag","embeddable":true,"href":"https:\/\/siirienoranta.com\/en\/wp-json\/wp\/v2\/product_tag?post=2448"}],"curies":[{"name":"wp","href":"https:\/\/api.w.org\/{rel}","templated":true}]}}