{"id":2446,"date":"2011-07-20T18:03:39","date_gmt":"2011-07-20T15:03:39","guid":{"rendered":"http:\/\/siirienoranta.com\/?post_type=product&#038;p=2446"},"modified":"2021-10-27T10:54:47","modified_gmt":"2021-10-27T07:54:47","slug":"gisellen-kuolema","status":"publish","type":"product","link":"https:\/\/siirienoranta.com\/en\/product\/gisellen-kuolema\/","title":{"rendered":"Gisellen kuolema"},"content":{"rendered":"<blockquote><p>&nbsp;<\/p>\n<p>&#8221;Ajelehdin nousuveden mukana takaisin m\u00f6kin pihaan kuin palanen ajopuuta, t\u00f6rm\u00e4ilin pohjaan. En tied\u00e4 olinko menett\u00e4nyt j\u00e4rkeni jo silloin siin\u00e4 muurahaispes\u00e4\u00e4 katsellessani vai vasta my\u00f6hemmin. Todenn\u00e4k\u00f6isesti jo hyvin paljon aikaisemmin.<br \/>\nLinnea oli kyykyss\u00e4 sen kannon vieress\u00e4 jonka ymp\u00e4rill\u00e4 olin kahdeksan vuotta sitten ajanut takaa tytt\u00f6\u00e4, jonka hiuksissa ei ollut takun takkua ja jonka polvet kannattivat h\u00e4nen juosta minne vain. Linnea oli selin minuun ja h\u00e4nen niskanikamansa halusivat katsoa ihon l\u00e4pi suoraan taivaalle ja aurinkoon. Ja ihon tilalla Linnealla oli l\u00e4pikuultavasta vanamon ter\u00e4lehdest\u00e4 tehty kangas. H\u00e4nen oli t\u00e4ytynyt kuulla minun tulevan. Ehk\u00e4 h\u00e4n oli kuullut nousuveden liplatuksen pihalaatoilla.<br \/>\n\u201dJoel\u201d, h\u00e4n sanoi. Ja h\u00e4n sanoi: \u201dM\u00e4 l\u00f6ysin ketunleip\u00e4\u00e4.\u201d<\/p>\n<p>&nbsp;<\/p><\/blockquote>\n<hr \/>\n<h2>Arvostelut<\/h2>\n<p><em>&#8221;Enorannan kieli on runollisen kaunista. Kuluneet kielikuvat on korvattu raikkailla, mutta luonnollisilla lauseilla. Enorannan kolmas teos on j\u00e4lleen osoitus nuoren kirjailijan taidoista tarinankertojana.&#8221;<\/em><\/p>\n<p>&#8211; Heli Keskinen, Aamulehti.<\/p>\n<hr \/>\n<p><em>&#8221;Enorannan kieli on edelleen omaa luokkaansa ja kirjan rakenne hieno.&#8221;<\/em><\/p>\n<p>&#8211; Mari Viertola, Turun Sanomat.<\/p>\n<hr \/>\n<p><em>&#8221;Gisellen kuolema on tunnelmallinen, dramaattinen kirja. Se on lyhyt, kerralla hotkaistava tarina, jossa on runollista lentoa ja haahuilevaa kuvausta, mutta my\u00f6s mielenkiintoisia henkil\u00f6it\u00e4&#8230;&#8221;<br \/>\n<\/em><br \/>\n&#8211; Mikko, Kirjavinkit.<\/p>\n<hr \/>\n<p><em>&#8221;Enoranta koukuttaa lukijan taitavasti romaanin \u00e4\u00e4reen.&#8221;<\/em><\/p>\n<p>&#8211; P\u00e4ivi Heikkil\u00e4-Halttunen, Lastenkirjahylly-blogi.<\/p>\n<hr \/>\n<p><em>&#8221;Kirjan kieli on samanaikaisesti runollista ja raskasta. Kielikuvat osuvat kohdalleen ja lauseet toistavat itse\u00e4\u00e4n tarkoituksella&#8230; Enorannan lauseet enteilev\u00e4t pahaa joka pian tapahtuu.&#8221;<\/em><\/p>\n<p>&#8211; Oona Juutinen, Lumooja.<\/p>","protected":false},"excerpt":{"rendered":"<p>Linnea palaa kotiin hiukset ballerinanutturalla, vaikka selv\u00e4\u00e4 on, ettei h\u00e4n tanssi en\u00e4\u00e4 koskaan. Joel on pys\u00e4htynyt odottamaan h\u00e4nt\u00e4 kahdeksan vuotta aikaisemmin, j\u00e4\u00e4nyt lastenhuoneen lattialle istumaan leluauto k\u00e4dess\u00e4\u00e4n. Linnea on vaarallinen, Linnea on kipin\u00f6iv\u00e4, Linnea on kukka jolta on taitettu niska. Joel on ainoa joka antaa h\u00e4nen olla sellainen kuin on, oli se sitten mik\u00e4 tahansa Linnean eri peilikuvista.<br \/>\nTulevaisuus sy\u00f6st\u00e4\u00e4n mahdottomaan kurssiin, ja j\u00e4rvensel\u00e4ll\u00e4 kuikka huutaa.<\/p>\n<p><strong>Gisellen kuolema oli Runeberg-palkintoehdokkaana 2012.<\/strong><\/p>\n<hr \/>\n<p>&nbsp;<\/p>","protected":false},"featured_media":2877,"comment_status":"closed","ping_status":"closed","template":"","meta":{"_acf_changed":false},"product_brand":[],"product_cat":[19],"product_tag":[],"class_list":{"0":"post-2446","1":"product","2":"type-product","3":"status-publish","4":"has-post-thumbnail","6":"product_cat-kaikki","8":"first","9":"instock","10":"shipping-taxable","11":"product-type-simple","13":"catalog-layout-default","14":"columns-xs-2"},"acf":[],"_links":{"self":[{"href":"https:\/\/siirienoranta.com\/en\/wp-json\/wp\/v2\/product\/2446","targetHints":{"allow":["GET"]}}],"collection":[{"href":"https:\/\/siirienoranta.com\/en\/wp-json\/wp\/v2\/product"}],"about":[{"href":"https:\/\/siirienoranta.com\/en\/wp-json\/wp\/v2\/types\/product"}],"replies":[{"embeddable":true,"href":"https:\/\/siirienoranta.com\/en\/wp-json\/wp\/v2\/comments?post=2446"}],"wp:featuredmedia":[{"embeddable":true,"href":"https:\/\/siirienoranta.com\/en\/wp-json\/wp\/v2\/media\/2877"}],"wp:attachment":[{"href":"https:\/\/siirienoranta.com\/en\/wp-json\/wp\/v2\/media?parent=2446"}],"wp:term":[{"taxonomy":"product_brand","embeddable":true,"href":"https:\/\/siirienoranta.com\/en\/wp-json\/wp\/v2\/product_brand?post=2446"},{"taxonomy":"product_cat","embeddable":true,"href":"https:\/\/siirienoranta.com\/en\/wp-json\/wp\/v2\/product_cat?post=2446"},{"taxonomy":"product_tag","embeddable":true,"href":"https:\/\/siirienoranta.com\/en\/wp-json\/wp\/v2\/product_tag?post=2446"}],"curies":[{"name":"wp","href":"https:\/\/api.w.org\/{rel}","templated":true}]}}