{"id":2444,"date":"2021-07-20T17:40:57","date_gmt":"2021-07-20T14:40:57","guid":{"rendered":"http:\/\/siirienoranta.com\/?post_type=product&#038;p=2444"},"modified":"2024-12-19T16:19:30","modified_gmt":"2024-12-19T13:19:30","slug":"surunhauras-lasinterava","status":"publish","type":"product","link":"https:\/\/siirienoranta.com\/en\/product\/surunhauras-lasinterava\/","title":{"rendered":"Surunhauras, lasinter\u00e4v\u00e4"},"content":{"rendered":"<blockquote><p>&nbsp;<\/p>\n<p>\u201dHaluatko sin\u00e4 tulla lasittareksi?\u201d prinsessa Sadeia kysyi silloin, kuin olisi jo kyll\u00e4stynyt koko leikkiin ja haluaisi saada Beannan pois silmist\u00e4\u00e4n.<br \/>\nJuuri silloin Beanna huomasi, ett\u00e4 jokin liikahti valtaistuimen takana. Ehk\u00e4 hameenhelma, vai oliko se vain varjo?<br \/>\n\u201dMin\u00e4\u2026 Lasittaren asema on prinsessan j\u00e4lkeen arvostetuin Sidrineiassa\u201d, Beanna sanoi diplomaattisesti.<br \/>\nPrinsessa tuhahti. Ja nyt Beanna n\u00e4ki: valtavan lasivaltaistuimen takaa kurkisti tytt\u00f6, h\u00e4n ei voinut olla vanhempi kuin kymmenvuotias, mutta h\u00e4nen kasvonsa, h\u00e4nen silm\u00e4ns\u00e4! Niiss\u00e4 oli jotakin niin hyist\u00e4, ett\u00e4 Beannan k\u00e4sivarsien iho nousi kananlihalle, niiss\u00e4 oli jotakin liian tiet\u00e4v\u00e4ist\u00e4 sen ik\u00e4isen lapsen kasvoille. Tytt\u00f6 katsoi h\u00e4nt\u00e4 hetken, ja sen hetken ajan Beannasta tuntui, kuin t\u00e4m\u00e4 olisi pidellyt h\u00e4nen syd\u00e4nt\u00e4\u00e4n kylmill\u00e4, pienill\u00e4, notkeilla sormillaan.<br \/>\n\u201dTuokaa joku paperia, tehd\u00e4\u00e4n sopimus saman tien, kun tytt\u00f6 kerran on niin innokas liittym\u00e4\u00e4n meihin. Viserrys, hae mustetta, imupaperia my\u00f6s\u201d, prinsessa kuului sanovan.<br \/>\nBeanna r\u00e4p\u00e4ytti silmi\u00e4\u00e4n, ja lapsi oli kadonnut n\u00e4kym\u00e4tt\u00f6miin. Olisiko h\u00e4n saattanut kuvitella jotakin sellaista? Oliko se ollut vain jokin prinsessasta vaivihkaa karannut heijastus, h\u00e4nen lumovoimansa k\u00e4\u00e4nt\u00f6puoli, se mit\u00e4 piileksi kimmelt\u00e4vien korujen ja ylellisten kankaiden alla?<\/p>\n<p>&nbsp;<\/p><\/blockquote>\n<hr \/>\n<h3>Arvostelut<\/h3>\n<p><em><br \/>\n&#8221;&#8230;Enoranta on omimmillaan sadun maailmassa. Samaan aikaan, kun h\u00e4n kirjoittaa ahmien luettavaa tarinaa, tulee h\u00e4n ilmaisseeksi jotakin syv\u00e4\u00e4 ja omaper\u00e4ist\u00e4 ajastamme, ihmisen\u00e4 olemisesta.&#8221;<\/em><\/p>\n<p>&#8211; Marjaana Roponen, Aamulehti.<\/p>\n<hr \/>\n<p><em>&#8221;Enoranta lumoaa lukijansa, ja aivan oikeutetusti romaani on suunnattu sek\u00e4 nuorille ett\u00e4 aikuisille.&#8221;<br \/>\n<\/em><br \/>\n&#8211; P\u00e4ivi Heikkil\u00e4-Halttunen, Helsingin Sanomat.<\/p>\n<hr \/>\n<p><em>&#8221;Siiri Enorannan fantasiakirjat yll\u00e4tt\u00e4v\u00e4t lukijansa mielikuvituksellisilla hahmoilla, tapahtumavy\u00f6ryill\u00e4 ja milj\u00f6ill\u00e4. Kaunis kieli soljuu ja pysyy hallinnassa monisatasivuisissa teoksissa.&#8221;<br \/>\n<\/em><br \/>\n&#8211; Marja Welin, Keskisuomalainen.<\/p>\n<hr \/>\n<p><em>&#8221;Surunhauras, lasinter\u00e4v\u00e4 on ihana tarina, joka vie mukanaan. &#8211; &#8211; Kirja palkitsee ja t\u00e4ytt\u00e4\u00e4 syd\u00e4men.&#8221;<br \/>\n<\/em><br \/>\n&#8211; Mari Saavalainen, Kirjakko ruispellossa -blogi.<\/p>\n<hr \/>\n<p><em>&#8221;Enorannan kirjoitustyyli\u00e4 en voi koskaan kehua liikaa, sill\u00e4 sit\u00e4 on j\u00e4risytt\u00e4v\u00e4n mukava lukea.&#8221;<\/em><\/p>\n<p>&#8211; Heidi P., Dysphoria-blogi.<\/p>\n<p>&nbsp;<\/p>","protected":false},"excerpt":{"rendered":"<p>Surukauriin saarilla piilossa valtameren takana el\u00e4\u00e4 Surukauriin kansa. Jokaisen lapsen kuusivuotissyntym\u00e4p\u00e4iv\u00e4n\u00e4 surukauris ilmestyy ja antaa lapselle lahjansa: kauris kertoo, kuinka paljon surua lapsi joutuu el\u00e4m\u00e4ns\u00e4 aikana kantamaan. Hahtuvaaran pienelle Ulille kauris luovuttaa suuremman lahjan kuin kenellek\u00e4\u00e4n koskaan aikaisemmin.<\/p>\n<p>Sidrineian niemimaalla Sarastuksen Lasinkirkas prinsessa Sadeia hallitsee vaurasta valtakuntaansa yksinvaltiaana. H\u00e4n on aina saanut kaiken mit\u00e4 on halunnut, ja nyt h\u00e4n haluaa itselleen myyttisen kultakauriin hinnalla mill\u00e4 hyv\u00e4ns\u00e4.<\/p>\n<p>Surukauriin kansan ja sidrineialaisten tiet yhtyv\u00e4t, ja silloin saarten tiet\u00e4j\u00e4n, Sumunsalpaajan, on katsottava ajan s\u00e4ikeit\u00e4 pitkin sek\u00e4 eteen- ett\u00e4 taaksep\u00e4in.<\/p>\n<hr \/>\n<p><strong><br \/>\nSurunhauras, lasinter\u00e4v\u00e4 oli Finlandia Junior -ehdokkaana 2015 ja Tulenkantaja-ehdokkaana sek\u00e4 Kuvastaja-ehdokkaana 2016. Se sai Blogistanian Kuopus 2015 -palkinnon, Tampereen kaupungin kirjallisuuspalkinnon 2015 sek\u00e4 Topelius-palkinnon 2016. Urte Liepuoniuten liettuankielinen k\u00e4\u00e4nn\u00f6s voitti IBBY:n parhaan YA-k\u00e4\u00e4nn\u00f6ksen palkinnon 2020.<br \/>\n<\/strong><\/p>\n<p>&nbsp;<\/p>\n<p>Topelius-raadin perustelut:<\/p>\n<p><em>Siiri Enorannan Surunhauras, lasinter\u00e4v\u00e4 on vaikuttavaa kaunokirjallisuutta. Upea ja monitasoinen romaani vei mukanaan Sarastuksen palatsiin ja Surukauriin kansan saarille. Kantavina teemoina ja harkitusti tarkasteltuna esiin nousevat valta, rakkaus ja inhimillisyys. Enorannan luoma maailma, henkil\u00f6galleria ja tarina muodostavat h\u00e4ik\u00e4isev\u00e4n kaleidoskoopin. Lukija ei eksy, sill\u00e4 kirjailija johdattaa h\u00e4net varmoin ottein romaanin l\u00e4pi. Kaunilla kielell\u00e4 kirjoitettu teos punoo tarinan lukuisat osat ja kertoja\u00e4\u00e4net yhteen ehe\u00e4ksi kuvaksi, joka el\u00e4\u00e4 silmien edess\u00e4. Tunnelmallinen ja tyylik\u00e4s teos osoittaa Enorannan kuuluvan suomalaisen kaunokirjallisuuden valonkantajiin.<\/em><\/p>\n<hr \/>\n<p>Tyto alba julkaisi Surunhauras, lasinter\u00e4v\u00e4n liettuankielisen k\u00e4\u00e4nn\u00f6ksen 2019. K\u00e4\u00e4nt\u00e4j\u00e4: Urte Liepuoniute, kansikuva: Ilona Kukenyte.<\/p>","protected":false},"featured_media":464,"comment_status":"closed","ping_status":"closed","template":"","meta":{"_acf_changed":false},"product_brand":[],"product_cat":[19,183],"product_tag":[],"class_list":{"0":"post-2444","1":"product","2":"type-product","3":"status-publish","4":"has-post-thumbnail","6":"product_cat-kaikki","7":"product_cat-viimeisimmat","9":"first","10":"instock","11":"shipping-taxable","12":"product-type-simple","14":"catalog-layout-default","15":"columns-xs-2"},"acf":[],"_links":{"self":[{"href":"https:\/\/siirienoranta.com\/en\/wp-json\/wp\/v2\/product\/2444","targetHints":{"allow":["GET"]}}],"collection":[{"href":"https:\/\/siirienoranta.com\/en\/wp-json\/wp\/v2\/product"}],"about":[{"href":"https:\/\/siirienoranta.com\/en\/wp-json\/wp\/v2\/types\/product"}],"replies":[{"embeddable":true,"href":"https:\/\/siirienoranta.com\/en\/wp-json\/wp\/v2\/comments?post=2444"}],"wp:featuredmedia":[{"embeddable":true,"href":"https:\/\/siirienoranta.com\/en\/wp-json\/wp\/v2\/media\/464"}],"wp:attachment":[{"href":"https:\/\/siirienoranta.com\/en\/wp-json\/wp\/v2\/media?parent=2444"}],"wp:term":[{"taxonomy":"product_brand","embeddable":true,"href":"https:\/\/siirienoranta.com\/en\/wp-json\/wp\/v2\/product_brand?post=2444"},{"taxonomy":"product_cat","embeddable":true,"href":"https:\/\/siirienoranta.com\/en\/wp-json\/wp\/v2\/product_cat?post=2444"},{"taxonomy":"product_tag","embeddable":true,"href":"https:\/\/siirienoranta.com\/en\/wp-json\/wp\/v2\/product_tag?post=2444"}],"curies":[{"name":"wp","href":"https:\/\/api.w.org\/{rel}","templated":true}]}}