{"id":2443,"date":"2010-07-20T17:42:35","date_gmt":"2010-07-20T14:42:35","guid":{"rendered":"http:\/\/siirienoranta.com\/?post_type=product&#038;p=2443"},"modified":"2022-04-11T10:46:24","modified_gmt":"2022-04-11T07:46:24","slug":"nukkuu-lapsi-viallinen","status":"publish","type":"product","link":"https:\/\/siirienoranta.com\/en\/product\/nukkuu-lapsi-viallinen\/","title":{"rendered":"Nukkuu lapsi viallinen"},"content":{"rendered":"<blockquote><p>&nbsp;<\/p>\n<p>\u201dLuulo ei ole tiedon v\u00e4\u00e4rti\u201d, is\u00e4ll\u00e4 oli tapana sanoa.<\/p>\n<p>H\u00e4n sanoi niin sed\u00e4lle, kun t\u00e4m\u00e4 oli ennustanut tulevat sateet v\u00e4\u00e4rin. H\u00e4n sanoi niin Topiakselle, kun t\u00e4m\u00e4 oli ruokkinut Karpalon v\u00e4\u00e4rin. H\u00e4n sanoi niin \u00e4idille, kun t\u00e4m\u00e4 oli tehnyt liian v\u00e4h\u00e4n kasviskeittoa. H\u00e4n sanoi niin Sonialle, kun \u2013 niin, Sonialle h\u00e4n ei paljon puhunut. Mutta Sonia oli silti huomannut, ettei luulo ollut tiedon v\u00e4\u00e4rti, mit\u00e4 ikin\u00e4 v\u00e4\u00e4rti sitten tarkoittikaan.<\/p>\n<p>Sonia oli luullut, ett\u00e4 kun is\u00e4 ja set\u00e4 palaisivat sodasta, \u00e4iti tulisi onnelliseksi. H\u00e4n oli luullut, ett\u00e4 h\u00e4n pystyisi pelastamaan pes\u00e4st\u00e4\u00e4n pudonneen linnunpoikasen ruokkimalla ja hoivaamalla sit\u00e4 kuin emo ik\u00e4\u00e4n. H\u00e4n oli luullut, ett\u00e4 jos Karpalo vain saisi tarpeeksi rakkautta, se ei voisi en\u00e4\u00e4 olla vihainen kenellek\u00e4\u00e4n, mutta h\u00e4n oli ollut v\u00e4\u00e4r\u00e4ss\u00e4, v\u00e4\u00e4r\u00e4ss\u00e4, v\u00e4\u00e4r\u00e4ss\u00e4. Siit\u00e4 h\u00e4nell\u00e4 oli muistona pieni risti takapihalla, haalea arpi k\u00e4sivarressa, niin ja kaukaisuuksiin tuijotteleva \u00e4iti. Ja Sonia oli luullut, ett\u00e4 kunhan h\u00e4n selvi\u00e4isi laskennonkokeesta ja opiskelisi tunnollisesti, Jumala ei olisi en\u00e4\u00e4 vihainen ja Sonia paranisi itsep\u00e4isest\u00e4 ysk\u00e4st\u00e4\u00e4n.<\/p>\n<p>Luulo ei ollut tiedon v\u00e4\u00e4rti.<\/p>\n<p>&nbsp;<\/p><\/blockquote>\n<hr \/>\n<h3>Arvostelut<\/h3>\n<p><em><br \/>\n&#8221;Siiri Enorannan teos Nukkuu lapsi viallinen yhdist\u00e4\u00e4 proosan ja fantasian vieh\u00e4tt\u00e4v\u00e4ll\u00e4 tavalla. El\u00e4ytyv\u00e4ll\u00e4 ja runollisella kerrontatavallaan Enoranta on saanut syvyytt\u00e4 ja raikkautta koskettavaan aiheeseen.&#8221;<\/em><\/p>\n<p>&#8211; Tampereen kaupungin luovan kirjallisen ty\u00f6n palkitsemistoimikunta.<\/p>\n<hr \/>\n<p><em>&#8221;Enonrannan omintakeinen tyyli ja kaunis mutta silti hyvin eleet\u00f6n kieli tekev\u00e4t romaanista vangitsevan lukuel\u00e4myksen, joka ei &#8211; onneksi &#8211; juuri kansainv\u00e4listen trendien per\u00e4\u00e4n kurkottele.&#8221;<\/em><\/p>\n<p>&#8211; P\u00e4ivi Heikkil\u00e4-Halttunen, Helsingin Sanomat.<\/p>\n<hr \/>\n<p><em>&#8221;Nukkuu lapsi viallinen tekee kuolemasta fantasiaseikkailun, mutta vain osittain. Toisaalta kirja pohdiskelee kuoleman merkityst\u00e4 sek\u00e4 kuolevan ett\u00e4 eloonj\u00e4\u00e4vien perheenj\u00e4senten kannalta. Enkelin kanssa tarinasta tulee surumielinen, pohdiskeleva satu.&#8221;<\/em><\/p>\n<p>&#8211; Mari Viertola, Turun Sanomat.<\/p>\n<hr \/>\n<p><em>&#8221;Nukkuu lapsi viallinen on monikerroksinen teos, joka s\u00e4ilytt\u00e4\u00e4 osan salaisuuksistaan loppuun asti.&#8221;<\/em><\/p>\n<p>&#8211; Tapani Uusiniitty, Ruovesi-lehti.<em><br \/>\n<\/em><\/p>\n<hr \/>\n<p><em>&#8221;Nukkuu lapsi viallinen on herk\u00e4n kaunis teos, jonka maailmaa ei halua kyseenalaistaa.&#8221;<\/em><\/p>\n<p>&#8211; Anni-Helena Lepp\u00e4l\u00e4, Kansan Uutiset verkkolehti.<\/p>","protected":false},"excerpt":{"rendered":"<p>Miss\u00e4\u00e4n ei ole yht\u00e4 hyv\u00e4 leikki\u00e4 piilosta kuin Sonian kotitilalla. Ei h\u00e4n tosin ole k\u00e4ynyt kaukana kotoa, niin ettei voi olla aivan varma. Mutta piiloon on ment\u00e4v\u00e4, kun \u00e4iti, is\u00e4 ja set\u00e4 venytt\u00e4v\u00e4t ilmaa ohueksi. Onneksi Topias ei ole tavallinen sammakonkutua tyynyn alle piilottava isoveli vaan nyppii hein\u00e4t Sonian hiuksista, kun on hyp\u00e4tty ladon ylisilt\u00e4 heiniin ja nostatettu p\u00f6ly\u00e4 taivaaseen saakka. Siit\u00e4 p\u00f6lyst\u00e4 Sonian ysk\u00e4kin varmaan johtuu, tai kertotauluista, ei ainakaan siit\u00e4, ett\u00e4 h\u00e4n olisi kipe\u00e4.<\/p>\n<p>Mutta Sonian huoneen nurkassa odottaa hiljaa vieras, jonka l\u00e4pi \u00e4iti vahingossa k\u00e4velee, vieras joka toisinaan kohentaa valtavia siipi\u00e4 sel\u00e4ss\u00e4\u00e4n, vieras joka ei nuku ja jota Sonia ei n\u00e4e ennen kuin on aika.<\/p>\n<hr \/>\n<p><strong>Tampereen kaupungin kirjallisuuspalkinnon 2011 saanut Nukkuu lapsi viallinen on sotien j\u00e4lkeiseen Suomeen sijoittuva kertomus el\u00e4m\u00e4st\u00e4 ja kuolemasta ja siit\u00e4, mit\u00e4 j\u00e4\u00e4 niiden v\u00e4liin.<\/strong><\/p>","protected":false},"featured_media":48,"comment_status":"closed","ping_status":"closed","template":"","meta":{"_acf_changed":false},"product_brand":[],"product_cat":[19],"product_tag":[],"class_list":{"0":"post-2443","1":"product","2":"type-product","3":"status-publish","4":"has-post-thumbnail","6":"product_cat-kaikki","8":"first","9":"instock","10":"shipping-taxable","11":"product-type-simple","13":"catalog-layout-default","14":"columns-xs-2"},"acf":[],"_links":{"self":[{"href":"https:\/\/siirienoranta.com\/en\/wp-json\/wp\/v2\/product\/2443","targetHints":{"allow":["GET"]}}],"collection":[{"href":"https:\/\/siirienoranta.com\/en\/wp-json\/wp\/v2\/product"}],"about":[{"href":"https:\/\/siirienoranta.com\/en\/wp-json\/wp\/v2\/types\/product"}],"replies":[{"embeddable":true,"href":"https:\/\/siirienoranta.com\/en\/wp-json\/wp\/v2\/comments?post=2443"}],"wp:featuredmedia":[{"embeddable":true,"href":"https:\/\/siirienoranta.com\/en\/wp-json\/wp\/v2\/media\/48"}],"wp:attachment":[{"href":"https:\/\/siirienoranta.com\/en\/wp-json\/wp\/v2\/media?parent=2443"}],"wp:term":[{"taxonomy":"product_brand","embeddable":true,"href":"https:\/\/siirienoranta.com\/en\/wp-json\/wp\/v2\/product_brand?post=2443"},{"taxonomy":"product_cat","embeddable":true,"href":"https:\/\/siirienoranta.com\/en\/wp-json\/wp\/v2\/product_cat?post=2443"},{"taxonomy":"product_tag","embeddable":true,"href":"https:\/\/siirienoranta.com\/en\/wp-json\/wp\/v2\/product_tag?post=2443"}],"curies":[{"name":"wp","href":"https:\/\/api.w.org\/{rel}","templated":true}]}}