{"id":2440,"date":"2021-07-20T17:43:49","date_gmt":"2021-07-20T14:43:49","guid":{"rendered":"http:\/\/siirienoranta.com\/?post_type=product&#038;p=2440"},"modified":"2025-04-01T15:43:19","modified_gmt":"2025-04-01T12:43:19","slug":"kesamyrsky","status":"publish","type":"product","link":"https:\/\/siirienoranta.com\/en\/product\/kesamyrsky\/","title":{"rendered":"Kes\u00e4myrsky"},"content":{"rendered":"<blockquote><p>&nbsp;<\/p>\n<p>\u201dOli sill\u00e4 tavalla, ett\u00e4 kukaan muu ei kuullut musiikkia, joka Andrew\u2019n sis\u00e4ll\u00e4 soi. H\u00e4n ajatteli, ett\u00e4 joku kerta h\u00e4n viel\u00e4 l\u00f6yt\u00e4isi sanat, tai eleet, tai telepatian, miten sellaisia asioita sitten kerrottiinkaan, ja jakaisi s\u00e4velens\u00e4 muille. Andrew ajatteli, ett\u00e4 kaikilla oli oma musiikkinsa, ett\u00e4 musiikki Penelopen sis\u00e4ll\u00e4 oli ollut s\u00e4leiksi hakattua selloa hiljattain, kakofoniaa, mutta se voisi j\u00e4rjesty\u00e4 viel\u00e4 niin kuin vedenpinta tasoittui ja tuulet tyyntyiv\u00e4t, tai alkoivat v\u00e4hint\u00e4\u00e4nkin puhaltaa toiseen suuntaan. Andrew\u2019n musiikki ei ollut selloa, se oli flyygeli\u00e4, aivan keve\u00e4\u00e4, pisaroivaa, liplattavaa, pianisti soitti nilkat veden peitossa, aurinko taittoi pinnalta tuhansia kimmelt\u00e4vi\u00e4 timantteja, ja joutsenet hipoivat siivill\u00e4\u00e4n vett\u00e4 lent\u00e4ess\u00e4\u00e4n sivuttain. Sit\u00e4 Andrew ei osannut Joshille selitt\u00e4\u00e4. Jokaisen musiikki oli erilainen. Andrew halusi kuulla Joshin sis\u00e4ss\u00e4 v\u00e4risev\u00e4t bassot ja trumpetit, hiljaisuuden niiden v\u00e4liss\u00e4. H\u00e4n pinnisteli kuullakseen. He tulivat paikkaan, jossa vanhan kivinavetan perustukset kohosivat maasta kuin muinainen taru, sammalenpeitt\u00e4min\u00e4, pehmeiksi hioutuneina lohkareina, niiden v\u00e4liin oli hyv\u00e4 piiloutua, kun kauempaa mets\u00e4st\u00e4 alkoi taas kuulua pienten jalkojen ryskett\u00e4.\u201d<\/p><\/blockquote>\n<p>&nbsp;<\/p>\n<h3>Arvostelut<\/h3>\n<p>&nbsp;<\/p>\n<p><em>\u201dSiiri Enoranta osoittaa uudella romaanillaan kuuluvansa Suomen parhaiden, modernien kirjailijoiden joukkoon. \u2013 \u2013 kirja on nuorten aikuisten romaania laajempi mestariteos.\u201d<\/em><\/p>\n<p>\u2013 Stina Alapirtti, Aamulehti<\/p>\n<hr \/>\n<p><em>\u201dEnoranta kirjoittaa kauniisti, leikkis\u00e4sti, viisaasti ja keve\u00e4sti. \u2013 \u2013 Enoranta ei ole pelk\u00e4st\u00e4\u00e4n kotimaisen nuortenkirjallisuuden hienoimpia \u00e4\u00e4ni\u00e4, vaan kansainv\u00e4lisell\u00e4kin mittapuulla poikkeuksellisen kiinnostava tekij\u00e4.\u201d<\/em><\/p>\n<p>\u2013 Arla Kanerva, Helsingin Sanomat<\/p>\n<hr \/>\n<p><em>\u201dAloituksesta loppulauseeseen kirja s\u00e4ilytt\u00e4\u00e4 hallitun eleganssissa kuin klassinen musiikkikappale.\u201d<\/em><\/p>\n<p>\u2013 Sini Helminen, Siniset helmet -blogi<\/p>\n<hr \/>\n<p><em>\u201dSiiri Enorannan luovuudella ei tunnu olevan mit\u00e4\u00e4n rajoja. Aina uudelleen h\u00e4n yll\u00e4tt\u00e4\u00e4 lukijansa rakentamalla aivan uuden milj\u00f6\u00f6n ja hy\u00f6dynt\u00e4m\u00e4ll\u00e4 fantasiakirjallisuuden hybridim\u00e4isen laajaa kentt\u00e4\u00e4 omiin ja ennen kaikkea omintakeisiin tarkoituksiinsa.\u201d<\/em><\/p>\n<p>\u2013 P\u00e4ivi Heikkil\u00e4-Halttunen, Lastenkirjahylly-blogi<\/p>\n<hr \/>\n<p><em>\u201dKes\u00e4myrskyn moninaisuutta lis\u00e4\u00e4 Enorannalle ominaisesti taidokkaasti kuljetettu kieli, joka sek\u00e4 rytmittyy monitahoiseksi ett\u00e4 kehittelee omaehtoisia ilmaisuja. Kotimaisen nuorisokirjallisuuden yhten\u00e4 kiinnostavimpana tekij\u00e4n\u00e4 Junior Finlandian vuonna 2018 voittanut Enoranta kirjoittaa teoksia, jotka imaisevat my\u00f6s aikuislukijan sis\u00e4\u00e4ns\u00e4.\u201d<\/em><\/p>\n<p>\u2013 Kaisa Kurikka, Turun Sanomat<\/p>\n<hr \/>\n<p><em>\u201dKes\u00e4myrsky ei kuitenkaan tyydy olemaan vain taidokkaasti sommiteltu kuva tai jouhevasti etenev\u00e4 seikkailu. Teos on runsas ja oivaltava my\u00f6s temaattisesti. \u2013 \u2013 Perinteisell\u00e4 tavalla hyv\u00e4n romaanin tunnistaa ainakin siit\u00e4, ett\u00e4 sit\u00e4 haluaa lukea nopeasti eteenp\u00e4in, mutta samalla sen ei haluaisi loppuvan koskaan. Kes\u00e4myrsky on juuri t\u00e4llainen teos!\u201d<\/em><\/p>\n<p>\u2013 Marjo J\u00e4\u00e4sk\u00e4, Demokraatti<\/p>\n<hr \/>\n<p><em>\u201dKipua, kaipausta ja kilpailua k\u00e4sittelev\u00e4 romaani hurmaa lukijan loisteliaalla ja notkealla kielell\u00e4\u00e4n. Sen nostalgiaa ja futurismia yhdistelev\u00e4 maailma vie lukijan mukanaan pohtimaan kulisseja, petollisuutta ja oikeudenmukaisuutta. Synk\u00e4t ja valoisat s\u00e4vyt muodostavat kokonaisuuden, joka muistuttaa kes\u00e4ist\u00e4 myrsky\u00e4.\u201d<\/em><\/p>\n<p>\u2013 Lasten- ja nuortenkirjallisuuden Finlandia-palkinnon valintalautakunnan perustelut.<\/p>\n<hr \/>\n<p><em>&#8221;Enoranta on peloton tarinankertoja ja itsevarma tyylittelij\u00e4. H\u00e4n purkaa vaivattomasti sukupuolistereotypioita ja sis\u00e4llytt\u00e4\u00e4 tarinaan samaa sukupuolta olevien rakkautta. Monitahoisilla kerrontatekniikoilla teksti rohkaisee lukemaan rivien v\u00e4list\u00e4, juonen ulkopuolelta.&#8221;<\/em><\/p>\n<p>\u2013 Maria Lass\u00e9n-Seger, Huvudstadsbladet (Stormsommar)<\/p>","protected":false},"excerpt":{"rendered":"<p>Andrew on katsellut koko kev\u00e4\u00e4n houkuttelevaa Josh Royta, joka johtaa eliittikoululaisten Nokisiipien jengi\u00e4. Sattuman oikusta Andrew p\u00e4\u00e4see viett\u00e4m\u00e4\u00e4n kes\u00e4\u00e4ns\u00e4 Royn perheen loisteliaalle huvilalle ja kurkistamaan maailmaan, johon h\u00e4n ei kuulu. Joshin sisko, hemmoteltu Penelope Roy, on joutunut todistamaan kaupunkia kuohuttanutta murhaa, ja koko Summersuttonin huvilan v\u00e4ki kulkee varpaillaan h\u00e4nen takiaan. Mutta mitk\u00e4 Penelopen totuuksista ovat valhetta?<\/p>\n<p>Andrew\u2019n lapsuuden viimeinen kes\u00e4 Summersuttonissa on viattomuuden ja turmeluksen piirileikki\u00e4, kimallukseen ja sokeriin upotettuja arvoituksia, jotka paljastuvat yksi toisensa j\u00e4lkeen. Kes\u00e4myrsky on tihenev\u00e4\u00e4 keh\u00e4\u00e4 kiert\u00e4v\u00e4 ruma arvoitus kiilt\u00e4v\u00e4ss\u00e4 kuoressa.<\/p>\n<hr \/>\n<p><strong>Kes\u00e4myrsky oli lasten- ja nuortenkirjallisuuden Finlandia-palkintoehdokkaana 2020 ja Pohjoismaiden neuvoston lasten- ja nuortenkirjallisuuspalkintoehdokkaana 2021. Mattias Hussin ruotsinnos Kes\u00e4myrskyst\u00e4 valittiin IBBY:n kansainv\u00e4liselle kunnialistalle 2024.<br \/>\n<\/strong><\/p>\n<hr \/>\n<p>F\u00f6rlaget julkaisi Kes\u00e4myrskyn ruotsinkielisen k\u00e4\u00e4nn\u00f6ksen 2022. K\u00e4\u00e4nt\u00e4j\u00e4: Mattias Huss, kansikuva: Anna Salmi.<\/p>\n<p>Straarup &amp; Co julkaisi Kes\u00e4myrskyn tanskankielisen k\u00e4\u00e4nn\u00f6ksen 2023. K\u00e4\u00e4nt\u00e4j\u00e4: Siri Nordborg M\u00f8ller.<\/p>\n<p>Terra Publica julkaisee Kes\u00e4myrskyn liettuankielisen k\u00e4\u00e4nn\u00f6ksen.<\/p>\n<p>&nbsp;<\/p>","protected":false},"featured_media":758,"comment_status":"closed","ping_status":"closed","template":"","meta":{"_acf_changed":false},"product_brand":[],"product_cat":[19,183],"product_tag":[],"class_list":{"0":"post-2440","1":"product","2":"type-product","3":"status-publish","4":"has-post-thumbnail","6":"product_cat-kaikki","7":"product_cat-viimeisimmat","9":"first","10":"instock","11":"shipping-taxable","12":"product-type-simple","14":"catalog-layout-default","15":"columns-xs-2"},"acf":[],"_links":{"self":[{"href":"https:\/\/siirienoranta.com\/en\/wp-json\/wp\/v2\/product\/2440","targetHints":{"allow":["GET"]}}],"collection":[{"href":"https:\/\/siirienoranta.com\/en\/wp-json\/wp\/v2\/product"}],"about":[{"href":"https:\/\/siirienoranta.com\/en\/wp-json\/wp\/v2\/types\/product"}],"replies":[{"embeddable":true,"href":"https:\/\/siirienoranta.com\/en\/wp-json\/wp\/v2\/comments?post=2440"}],"wp:featuredmedia":[{"embeddable":true,"href":"https:\/\/siirienoranta.com\/en\/wp-json\/wp\/v2\/media\/758"}],"wp:attachment":[{"href":"https:\/\/siirienoranta.com\/en\/wp-json\/wp\/v2\/media?parent=2440"}],"wp:term":[{"taxonomy":"product_brand","embeddable":true,"href":"https:\/\/siirienoranta.com\/en\/wp-json\/wp\/v2\/product_brand?post=2440"},{"taxonomy":"product_cat","embeddable":true,"href":"https:\/\/siirienoranta.com\/en\/wp-json\/wp\/v2\/product_cat?post=2440"},{"taxonomy":"product_tag","embeddable":true,"href":"https:\/\/siirienoranta.com\/en\/wp-json\/wp\/v2\/product_tag?post=2440"}],"curies":[{"name":"wp","href":"https:\/\/api.w.org\/{rel}","templated":true}]}}