{"id":2438,"date":"2021-07-20T17:42:58","date_gmt":"2021-07-20T14:42:58","guid":{"rendered":"http:\/\/siirienoranta.com\/?post_type=product&#038;p=2438"},"modified":"2024-12-19T16:29:09","modified_gmt":"2024-12-19T13:29:09","slug":"tuhatkuolevan-kirous","status":"publish","type":"product","link":"https:\/\/siirienoranta.com\/en\/product\/tuhatkuolevan-kirous\/","title":{"rendered":"Tuhatkuolevan kirous"},"content":{"rendered":"<p>&nbsp;<\/p>\n<blockquote><p>&#8221;H\u00e4m\u00e4r\u00e4ss\u00e4 oli niin hankala muistaa, ett\u00e4 auringonvaloa oli koskaan ollutkaan, ja kun valo alkoi levit\u00e4 maisemaan kuin huokoiseen kankaaseen imeytyv\u00e4 tahra, oli vaikea uskoa, ett\u00e4 joskus oli ollut muuta kuin valoa. Muistini oli muutenkin tuntunut tukkoiselta viime p\u00e4ivin\u00e4, viime viikkoina, kysyin itselt\u00e4ni ihmeiss\u00e4ni, oliko se ollut tukossa jo vuosia. Sill\u00e4 kun muu peitteli meid\u00e4t h\u00e4m\u00e4r\u00e4\u00e4n, eik\u00e4 auringosta n\u00e4kynyt en\u00e4\u00e4 edes tulista sirppi\u00e4, minusta tuntui, ett\u00e4 jossakin joku kurotti minua kohti, enk\u00e4 tiennyt kuka tai miksi, enk\u00e4 voinut muistaa oikeita vastauksia, sill\u00e4 en muistanut edes oikeita kysymyksi\u00e4.&#8221;<\/p>\n<p>&nbsp;<\/p><\/blockquote>\n<hr \/>\n<h3>Arvostelut<\/h3>\n<p><em>&#8221;Tuhatkuolevan kirous sopii niin nuorille kuin aikuisillekin. Siin\u00e4 on satumaisuutta ja pehmeytt\u00e4, mutta my\u00f6s voimakkaita teemoja ja mielenkiintoista s\u00e4rm\u00e4\u00e4.&#8221;<\/em><\/p>\n<p>&#8211; Elina Kein\u00e4nen, Aamulehti.<\/p>\n<hr \/>\n<p><em>&#8221;&#8230;Enoranta tekee tyypillisist\u00e4kin k\u00e4\u00e4nteist\u00e4 el\u00e4v\u00e4mpi\u00e4 ja rohkeampia, punoo taiturimaisella kirjoittamisellaan omanlaisensa maailman, jossa taikuus on ruumillista, alastonta ja rajua.&#8221;<\/em><\/p>\n<p>&#8211; Sini Helminen, Siniset helmet -blogi.<\/p>\n<hr \/>\n<p><em>&#8221;Omalakisen ja vahva\u00e4\u00e4nisen romaanin henkil\u00f6kuvaus, juoni ja inhimillisyys tuovat esiin lapsuuden lopun, hyv\u00e4n ja pahan, ilon ja surun.&#8221;<\/em><\/p>\n<p>Lasten- ja nuortenkirjallisuuden Finlandia-palkinnon ehdokkaiden valintalautakunta.<\/p>\n<hr \/>\n<p><em>&#8221;Tarkoitus pyhitt\u00e4\u00e4 keinot, mutta miss\u00e4 kulkee raja? Seurausten kanssa on tultava toimeen, vaikka ne aiheuttaisivatkin ahdistusta. Enoranta kyseenalaistaa kolkon tyylikk\u00e4\u00e4sti yksil\u00f6n kannalta onnellisen lopun mahdollisuuden.&#8221;<\/em><\/p>\n<p>&#8211; Mari Viertola, Turun Sanomat<\/p>\n<hr \/>\n<p><em>&#8221;Siiri Enorannalla on t\u00e4rke\u00e4 kyky: h\u00e4n osaa kirjoittaa lukijansa lapseksi j\u00e4lleen. Luen Enorannan teoksia kuin 11-vuotiaana joululahjakirjaa, ahmien ja tarinaan syv\u00e4lle sukeltaen.&#8221;<\/em><\/p>\n<p>&#8211; Arla Kanerva, Helsingin Sanomat<\/p>\n<hr \/>\n<p>&#8221;<em>&#8230;teosta voisi kuvata jopa pasifistiseksi, sen verran paljon siin\u00e4 pohditaan sotimisen ja el\u00e4m\u00e4n riist\u00e4misen oikeutusta. &#8211; &#8211; Lyhyesti sanottuna Tuhatkuolevan kirous on kotimaista eeppist\u00e4 fantasiaa parhaimmillaan.&#8221;<br \/>\n<\/em><br \/>\n&#8211; Aleksi Kuutio, T\u00e4htivaeltaja<\/p>","protected":false},"excerpt":{"rendered":"<p>Paun \u00e4iti kauhistuu, kun Pau leikkaa takareisiin ulottuvan lettins\u00e4. Syyt\u00e4 \u00e4iti ei kerro, ja Pausta tuntuu, ettei se ole ainoa asia, joka h\u00e4nelt\u00e4 salataan. Kun hurja kapinallissoturi Nubya kiskaisee Paun el\u00e4m\u00e4n raiteiltaan, h\u00e4n l\u00f6yt\u00e4\u00e4 itsens\u00e4 keskelt\u00e4 ihmeellist\u00e4 taikomisen maailmaa. Mutta salaisuuksien takana on yh\u00e4 uusia salaisuuksia, ja v\u00e4lill\u00e4 on vaikea tiet\u00e4\u00e4, mik\u00e4 on oikein ja mik\u00e4 v\u00e4\u00e4rin. Uudet tuttavuudet saavat Paun syd\u00e4men pamppailemaan, ja savuntuoksuisissa varjoissa joku rapistelee hiljaa.<\/p>\n<hr \/>\n<p><strong>Tuhatkuolevan kirous sai Lasten- ja nuortenkirjallisuuden Finlandia-palkinnon 2018. Tuhatkuolevan kirous oli Kuvastaja-palkintoehdokas 2019 ja Storytel Awards \u2013 Suuri \u00e4\u00e4nikirjapalkinto -ehdokas 2020.<\/strong><\/p>\n<p><strong>Vuonna 2018 Siiri Enorannalle my\u00f6nnettiin my\u00f6s WSOY:n kirjallisuuss\u00e4\u00e4ti\u00f6n tunnustuspalkinto koko uraa koskevista ansioista.<\/strong><\/p>\n<hr \/>\n<p>Emas julkaisi Tuhatkuolevan kirouksen bulgariankielisen k\u00e4\u00e4nn\u00f6ksen 2020. K\u00e4\u00e4nt\u00e4j\u00e4: Maksim Stoev.<\/p>\n<p>&nbsp;<\/p>","protected":false},"featured_media":651,"comment_status":"closed","ping_status":"closed","template":"","meta":{"_acf_changed":false},"product_brand":[],"product_cat":[19,183],"product_tag":[],"class_list":{"0":"post-2438","1":"product","2":"type-product","3":"status-publish","4":"has-post-thumbnail","6":"product_cat-kaikki","7":"product_cat-viimeisimmat","9":"first","10":"instock","11":"shipping-taxable","12":"product-type-simple","14":"catalog-layout-default","15":"columns-xs-2"},"acf":[],"_links":{"self":[{"href":"https:\/\/siirienoranta.com\/en\/wp-json\/wp\/v2\/product\/2438","targetHints":{"allow":["GET"]}}],"collection":[{"href":"https:\/\/siirienoranta.com\/en\/wp-json\/wp\/v2\/product"}],"about":[{"href":"https:\/\/siirienoranta.com\/en\/wp-json\/wp\/v2\/types\/product"}],"replies":[{"embeddable":true,"href":"https:\/\/siirienoranta.com\/en\/wp-json\/wp\/v2\/comments?post=2438"}],"wp:featuredmedia":[{"embeddable":true,"href":"https:\/\/siirienoranta.com\/en\/wp-json\/wp\/v2\/media\/651"}],"wp:attachment":[{"href":"https:\/\/siirienoranta.com\/en\/wp-json\/wp\/v2\/media?parent=2438"}],"wp:term":[{"taxonomy":"product_brand","embeddable":true,"href":"https:\/\/siirienoranta.com\/en\/wp-json\/wp\/v2\/product_brand?post=2438"},{"taxonomy":"product_cat","embeddable":true,"href":"https:\/\/siirienoranta.com\/en\/wp-json\/wp\/v2\/product_cat?post=2438"},{"taxonomy":"product_tag","embeddable":true,"href":"https:\/\/siirienoranta.com\/en\/wp-json\/wp\/v2\/product_tag?post=2438"}],"curies":[{"name":"wp","href":"https:\/\/api.w.org\/{rel}","templated":true}]}}