{"id":2419,"date":"2021-07-20T17:41:53","date_gmt":"2021-07-20T14:41:53","guid":{"rendered":"http:\/\/siirienoranta.com\/?post_type=product&#038;p=2419"},"modified":"2021-10-27T10:43:47","modified_gmt":"2021-10-27T07:43:47","slug":"josir-jalatvan-eriskummallinen-elama","status":"publish","type":"product","link":"https:\/\/siirienoranta.com\/en\/product\/josir-jalatvan-eriskummallinen-elama\/","title":{"rendered":"Josir Jalatvan eriskummallinen el\u00e4m\u00e4"},"content":{"rendered":"<blockquote><p>&nbsp;<\/p>\n<p><strong>\u00a0<\/strong>\u201dKuvittele, millaisia seikkailuja tulemme kokemaan! Pelastamme toisemme vuorotellen kaikenlaisista kiipeleist\u00e4, tutustumme ihmeellisiin ihmisiin, juomme lykantrooppien verta kuningattarien kanssa ja tanssimme heimotansseja palkka-armeijan sotilaiden joukossa! Sin\u00e4 muutat juuri oikealla hetkell\u00e4 muotoasi ja keplottelet meid\u00e4t siten irti siihen saakka t\u00e4ysin toivottomista tilanteista, mik\u00e4 odotus, mik\u00e4 j\u00e4nnitys! Ja min\u00e4 puhun meid\u00e4t sis\u00e4\u00e4n jokaisen kaupungin j\u00e4nnitt\u00e4vimpien kujien parhaisiin salakapakoihin!\u201d<br \/>\n\u201dJosir&#8230;\u201d<br \/>\n\u201dJa sit\u00e4 paitsi, Micholei, sin\u00e4 monikasvoinen rakastettuni\u201d, sanoin, ja sill\u00e4 hetkell\u00e4 h\u00e4nen yhdetkin kasvonsa olivat monet, kun silm\u00e4ni harittivat, ja kallistin turhaan huulilleni tyhj\u00e4\u00e4 lasia, \u201dmin\u00e4 ostan sinulle junan.\u201d<br \/>\n\u201dSin\u00e4 ostat minulle junan?\u201d<br \/>\nVieras nainen toisella puolen naarmuista p\u00f6yt\u00e4\u00e4 katseli minua ep\u00e4uskoisena. Mutta jos en sit\u00e4 sill\u00e4 hetkell\u00e4 muistanutkaan niin ainakin tiesin, ett\u00e4 Miho oli minulle oikea, h\u00e4n oli ankkurini sekasortoisessa maailmassa, h\u00e4n pit\u00e4isi minut paikoillaan, kun olin v\u00e4h\u00e4ll\u00e4 kadottaa itseni, mutta sit\u00e4 varten h\u00e4nen oma itsens\u00e4 pit\u00e4isi olla h\u00e4nell\u00e4 tallessa.<br \/>\n\u201dN\u00e4in on. Junan. \u00c4l\u00e4 katso minua noin, kyll\u00e4 se on mahdollista! Minulla on suhteita. Min\u00e4 pystyn siihen. Min\u00e4 ostan junan, min\u00e4 kokoan yhteen sirkuksen, ja min\u00e4 kuljetan sinut Aurosian halki Jumalan junaradalla!\u201d<br \/>\nMiho katseli minua pitk\u00e4\u00e4n ja vuodatti kyyneleen tuntemattoman naisen vasemmasta silm\u00e4st\u00e4.<br \/>\n\u201dSin\u00e4 olet niin, niin hullu\u201d, h\u00e4n sanoi.<br \/>\nH\u00e4kellyin vain hiukan.<br \/>\n\u201dMit\u00e4 se haittaa?\u201d kysyin, ja kuten arvasinkin, Miho ei osannut vastata.<\/p>\n<p>&nbsp;<\/p><\/blockquote>\n<hr \/>\n<h3>Arvostelut<\/h3>\n<p><em>&#8221;My\u00f6s sukupuolilla leikit\u00e4\u00e4n onnistuneesti. Rajojen h\u00e4m\u00e4rtyminen ei yll\u00e4tt\u00e4en v\u00e4henn\u00e4 vaan lis\u00e4\u00e4 teoksen eroottista latausta. Ihmisen olemassaolon merkitykseen, rakastamiseen ja parisuhteeseen liittyv\u00e4t keskustelut ovat runsaita ja mielenkiintoisia.&#8221;<\/em><\/p>\n<p>&#8211; Mari Viertola, Turun Sanomat.<\/p>\n<hr \/>\n<p><em>&#8221;Rakkaus, hulluus, eroottisuus, rumuus, kehollisuus, sukupuolisuus, el\u00e4m\u00e4n mielett\u00f6myys, tarkoituksellisuus ja tarkoituksettomuus. Ja viel\u00e4 kerran: rakkaus. H\u00e4mm\u00e4stytt\u00e4v\u00e4 Enoranta on j\u00e4lleen kirjoittanut ylt\u00e4kyll\u00e4isen romaanin, joka ui syd\u00e4meeni.&#8221;<\/em><\/p>\n<p>&#8211; Salla Erho, Goodreads.<\/p>\n<hr \/>\n<p><em>&#8221;Teos innostanee erityisesti lukijoita, jotka hakevat fantasiasta syvi\u00e4 teemoja ja vahvoja henkil\u00f6hahmoja. &#8211; &#8211; Omalakisessa maailmassa vieh\u00e4tt\u00e4\u00e4 sen samanaikainen tuttuus ja outous: magian ja teknologian yhdistyminen ja kokonaisuuden rakentuminen monin\u00e4k\u00f6kulmatekniikan avulla.&#8221;<\/em><\/p>\n<p>&#8211; Anne Leinonen, T\u00e4htivaeltaja.<\/p>\n<hr \/>\n<p><em>&#8221;Nimens\u00e4 mukaisesti Josir Jalatvan eriskummallinen el\u00e4m\u00e4 on eriskummallinen, mutta my\u00f6s s\u00e4ken\u00f6iv\u00e4, ajatuksia her\u00e4tt\u00e4v\u00e4, maaginen ja eroottinen romaani.&#8221;<\/em><\/p>\n<p>&#8211; Sini Helminen, Siniset helmet -blogi<\/p>\n<hr \/>\n<p><em>&#8221;(Enoranta) tavoittaa sellaisia syvi\u00e4 virtoja, joita harva kirjoittaja on osannut pukea sanoiksi. &#8211; &#8211; Tunteiden v\u00e4litt\u00e4mist\u00e4 tukee Enorannan kaunis ja soljuva kieli, joka jalostuu kirja kirjalta. Kun n\u00e4m\u00e4 yhdistyv\u00e4t vakaviin ja syv\u00e4llisiin teemoihin, lopputulos aukaisee uusia mielensis\u00e4isi\u00e4 ovia.&#8221;<\/em><\/p>\n<p>&#8211; Taru Hyv\u00f6nen, Spin-lehti<\/p>","protected":false},"excerpt":{"rendered":"<p>Josir Jalatva on hurvitteleva hedonisti ja vuosituhannen mahtavimman sirkustireht\u00f6\u00f6rin perij\u00e4, Micholei Rostus on aloitteleva kellosepp\u00e4 ja pettynyt historianopiskelija, ja Josir tiet\u00e4\u00e4 haluavansa h\u00e4net heti ensi n\u00e4kem\u00e4ll\u00e4. Nuoret miehet ovat rakastavaisia suursodan runtelemassa Aurosiassa, mist\u00e4 Jumala on l\u00e4htenyt l\u00e4tkim\u00e4\u00e4n jo yli tuhat vuotta sitten taakseen katsomatta. J\u00e4lkeens\u00e4 Jumala on j\u00e4tt\u00e4nyt joukon hyl\u00e4ttyj\u00e4 seuraajiaan, joista yksi kiroaa Micholein monikehollisuuden karuselliin.<\/p>\n<p>Siit\u00e4 alkaa ajojahti pitkin tuhoutumatonta junarataa: sirkushuveja ja sahanpurua, aamunkoittoon venyvi\u00e4 juhlia ja h\u00e4pe\u00e4llisi\u00e4 salaisuuksia, kauhtunutta samettia, jongl\u00f6\u00f6rin p\u00e4\u00e4h\u00e4n putoilevia keiloja, savua, verta ja hekumaa.<\/p>\n<hr \/>\n<p><strong>Josir Jalatvan eriskummallinen el\u00e4m\u00e4 oli Kuvastaja-palkintoehdokas 2018.<\/strong><\/p>\n<p>&nbsp;<\/p>","protected":false},"featured_media":594,"comment_status":"closed","ping_status":"closed","template":"","meta":{"_acf_changed":false},"product_brand":[],"product_cat":[19,183],"product_tag":[],"class_list":{"0":"post-2419","1":"product","2":"type-product","3":"status-publish","4":"has-post-thumbnail","6":"product_cat-kaikki","7":"product_cat-viimeisimmat","9":"first","10":"instock","11":"shipping-taxable","12":"product-type-simple","14":"catalog-layout-default","15":"columns-xs-2"},"acf":[],"_links":{"self":[{"href":"https:\/\/siirienoranta.com\/en\/wp-json\/wp\/v2\/product\/2419","targetHints":{"allow":["GET"]}}],"collection":[{"href":"https:\/\/siirienoranta.com\/en\/wp-json\/wp\/v2\/product"}],"about":[{"href":"https:\/\/siirienoranta.com\/en\/wp-json\/wp\/v2\/types\/product"}],"replies":[{"embeddable":true,"href":"https:\/\/siirienoranta.com\/en\/wp-json\/wp\/v2\/comments?post=2419"}],"wp:featuredmedia":[{"embeddable":true,"href":"https:\/\/siirienoranta.com\/en\/wp-json\/wp\/v2\/media\/594"}],"wp:attachment":[{"href":"https:\/\/siirienoranta.com\/en\/wp-json\/wp\/v2\/media?parent=2419"}],"wp:term":[{"taxonomy":"product_brand","embeddable":true,"href":"https:\/\/siirienoranta.com\/en\/wp-json\/wp\/v2\/product_brand?post=2419"},{"taxonomy":"product_cat","embeddable":true,"href":"https:\/\/siirienoranta.com\/en\/wp-json\/wp\/v2\/product_cat?post=2419"},{"taxonomy":"product_tag","embeddable":true,"href":"https:\/\/siirienoranta.com\/en\/wp-json\/wp\/v2\/product_tag?post=2419"}],"curies":[{"name":"wp","href":"https:\/\/api.w.org\/{rel}","templated":true}]}}