{"id":2414,"date":"2009-07-20T15:31:00","date_gmt":"2009-07-20T12:31:00","guid":{"rendered":"http:\/\/siirienoranta.com\/?post_type=product&#038;p=2414"},"modified":"2022-01-17T11:11:41","modified_gmt":"2022-01-17T08:11:41","slug":"omenmean-vallanhaltija","status":"publish","type":"product","link":"https:\/\/siirienoranta.com\/en\/product\/omenmean-vallanhaltija\/","title":{"rendered":"Omenmean vallanhaltija"},"content":{"rendered":"<blockquote><p>&nbsp;<\/p>\n<p>&#8221;Nez tarttui kaulallaan lep\u00e4\u00e4v\u00e4\u00e4n medaljonkiin ja puristi sit\u00e4 kaksin k\u00e4sin. H\u00e4n keskittyi ajattelemaan sanaa, jonka Thilon oli h\u00e4nelle paljastanut: ensimm\u00e4isen maailman nime\u00e4. Nez painoi silm\u00e4ns\u00e4 kiinni.<\/p>\n<p>Jos joku olisi silloin katsellut, olisi h\u00e4n n\u00e4hnyt j\u00e4rven rannassa pitk\u00e4ss\u00e4 heinikossa seisovan harmaan el\u00e4imen ja sen sel\u00e4ss\u00e4 istuvan tyt\u00f6n, jotka olivat paikoillaan kuin j\u00e4hmettynein\u00e4. Tyynen j\u00e4rven pinnasta heijastuva kuvajainen alkoi himmenty\u00e4. Katselija olisi varmaankin r\u00e4pytellyt silmi\u00e4\u00e4n ihmeiss\u00e4\u00e4n. Muutaman sekunnin kuluessa Humu ja Nezsandra olivat kadonneet, aivan kuin he olisivat liuenneet ilmaan. Siin\u00e4 miss\u00e4 he hetki sitten olivat olleet, oli vain kuusi kevytt\u00e4 painaumaa pehme\u00e4ss\u00e4 maassa.&#8221;<\/p>\n<p>&nbsp;<\/p><\/blockquote>\n<hr \/>\n<h3>Arvostelut<\/h3>\n<p><em>&#8221;Teos on teknisesti, kirjallisesti ja kerronnallisesti selke\u00e4, rakenne pysyy ehe\u00e4n\u00e4 ja lukija imautuu matkaamaan maailmasta toiseen Nezin ja t\u00e4m\u00e4n ratsun kyydiss\u00e4.&#8221;<\/em><\/p>\n<p>&#8211; Finlandia Junior -palkinnon valintalautakunnan arvio.<\/p>\n<hr \/>\n<p><em>&#8221;Siiri Enoranta on kirjoittanut kauniin esikoisteoksen. Tarinan hienos\u00e4ikeiset kudelmat muodostavat kokonaisuuden, jonka lomassa lukija saa tutustua my\u00f6s kiinnostavaan henkil\u00f6hahmogalleriaan.&#8221;<\/em><\/p>\n<p>&#8211; Maria Loikkanen, Kaleva.<\/p>\n<hr \/>\n<p><em>&#8221;Kirja ei kulje suoraviivaisesti moneen kertaan tallattuja reittej\u00e4, vaan Enoranta tuo uusia aineksia fantasiakentt\u00e4\u00e4n.&#8221;<\/em><\/p>\n<p>&#8211; Kansan Uutiset.<\/p>\n<hr \/>\n<p><em>&#8221;Siiri Enorannan kirjailijanuran avaus on upea.&#8221;<\/em><\/p>\n<p>&#8211; Pertti T. Jokinen, Turun Sanomat.<\/p>\n<hr \/>\n<p>&nbsp;<\/p>","protected":false},"excerpt":{"rendered":"<p>Nezin mielest\u00e4 parasta maailmassa on sy\u00f6d\u00e4 kuusenkerkk\u00e4karamelleja, uida hyisess\u00e4 lammessa ja menn\u00e4 paikkoihin jotka ovat kiellettyj\u00e4, maailman parasta on seikkailla Ninirin kanssa kunhan t\u00e4m\u00e4 vain suostuu mukaan. Nez ja Ninir ovat parhaita yst\u00e4vi\u00e4 ja Omenmea on maailman paras paikka seikkailuille, sit\u00e4 Nez vain ei tiennyt, ett\u00e4 muitakin maailmoja on olemassa.<\/p>\n<p>Kun Ninir loukkaantuu vakavasti ja paranemisen sanotaan olevan mahdotonta, Nez p\u00e4\u00e4tt\u00e4\u00e4 etsi\u00e4 parannuskeinon vaikka h\u00e4n sitten joutuisi hakemaan taivaalta molemmat kuut. Hengenvaarallinen etsint\u00e4retki vie Nezin ja h\u00e4nen kuusijalkaisen ratsunsa Humun maailman \u00e4\u00e4riin ja niiden yli. Nez n\u00e4kee matkallaan pahuutta joka ylitt\u00e4\u00e4 kaiken h\u00e4nen kokemansa ja hyvyytt\u00e4 jollaista h\u00e4n ei tiennyt olevan olemassakaan. H\u00e4n saa niin yst\u00e4vi\u00e4 kuin vihamiehi\u00e4kin, mutta aika kuluu ja kotona Ninir heikkenee, eik\u00e4 ole varmaa p\u00e4\u00e4seek\u00f6 Nez en\u00e4\u00e4 ikin\u00e4 takaisin Omenmeaan.<\/p>\n<hr \/>\n<p><strong>Kuvastaja-ehdokkaana 2010 ja Finlandia Junior -ehdokkaana 2009 ollut Omenmean vallanhaltija on satu yst\u00e4vyydest\u00e4, sisukkuudesta ja vallasta. Se on monitasoinen kertomus niin lapsille kuin aikuisillekin.<\/strong><\/p>","protected":false},"featured_media":2044,"comment_status":"closed","ping_status":"closed","template":"","meta":{"_acf_changed":false},"product_brand":[],"product_cat":[19],"product_tag":[],"class_list":{"0":"post-2414","1":"product","2":"type-product","3":"status-publish","4":"has-post-thumbnail","6":"product_cat-kaikki","8":"first","9":"instock","10":"shipping-taxable","11":"product-type-simple","13":"catalog-layout-default","14":"columns-xs-2"},"acf":[],"_links":{"self":[{"href":"https:\/\/siirienoranta.com\/en\/wp-json\/wp\/v2\/product\/2414","targetHints":{"allow":["GET"]}}],"collection":[{"href":"https:\/\/siirienoranta.com\/en\/wp-json\/wp\/v2\/product"}],"about":[{"href":"https:\/\/siirienoranta.com\/en\/wp-json\/wp\/v2\/types\/product"}],"replies":[{"embeddable":true,"href":"https:\/\/siirienoranta.com\/en\/wp-json\/wp\/v2\/comments?post=2414"}],"wp:featuredmedia":[{"embeddable":true,"href":"https:\/\/siirienoranta.com\/en\/wp-json\/wp\/v2\/media\/2044"}],"wp:attachment":[{"href":"https:\/\/siirienoranta.com\/en\/wp-json\/wp\/v2\/media?parent=2414"}],"wp:term":[{"taxonomy":"product_brand","embeddable":true,"href":"https:\/\/siirienoranta.com\/en\/wp-json\/wp\/v2\/product_brand?post=2414"},{"taxonomy":"product_cat","embeddable":true,"href":"https:\/\/siirienoranta.com\/en\/wp-json\/wp\/v2\/product_cat?post=2414"},{"taxonomy":"product_tag","embeddable":true,"href":"https:\/\/siirienoranta.com\/en\/wp-json\/wp\/v2\/product_tag?post=2414"}],"curies":[{"name":"wp","href":"https:\/\/api.w.org\/{rel}","templated":true}]}}