{"id":1970,"date":"2021-07-19T18:58:53","date_gmt":"2021-07-19T15:58:53","guid":{"rendered":"http:\/\/siirienoranta.com\/?page_id=1970"},"modified":"2025-10-23T09:50:39","modified_gmt":"2025-10-23T06:50:39","slug":"siiri","status":"publish","type":"page","link":"https:\/\/siirienoranta.com\/en\/siiri\/","title":{"rendered":"Siiri"},"content":{"rendered":"<div class=\"wpb-content-wrapper\"><div class=\"vc-row-container container parent--home-author-of-month\"><div data-vc-full-width=\"true\" data-vc-full-width-temp=\"true\" data-vc-full-width-init=\"false\" class=\"vc_row wpb_row vc_row-fluid home-author-of-month vc_custom_1626897299050 vc_row-has-fill row-stretch\"><div class=\"wpb_column vc_column_container vc_col-sm-12\"><div class=\"vc_column-inner\"><div class=\"wpb_wrapper\"><div class=\"vc_empty_space\"   style=\"height: 10px\"><span class=\"vc_empty_space_inner\"><\/span><\/div><div class=\"vc_row wpb_row vc_inner vc_row-fluid homepage-featured-book\"><div class=\"wpb_column vc_column_container vc_col-sm-6\"><div class=\"vc_column-inner\"><div class=\"wpb_wrapper\"><div class=\"section-title  author-page-title\">\n    <h2>Siiri Enoranta<\/h2>\n<\/div>\n\t<div class=\"wpb_text_column wpb_content_element post-formatting\" >\n\t\t<div class=\"wpb_wrapper\">\n\t\t\t<p>Siiri Enoranta on tamperelainen kirjailija, jonka palkitut teokset uhmaavat ik\u00e4raja- ja genre-luokitteluja. Suurin osa Enorannan romaaneista asettuu tavalla tai toisella spekulatiivisen fiktion sateenvarjon alle, ja monilla teoksista on nuorten ja aikuisten tuplakirjastoluokitus.<\/p>\n<p>Teoksissaan Enoranta tutkii rakkauden ja kuoleman ikiaikaisia teemoja raikkailla tavoilla, ja vaikka milj\u00f6\u00f6t ovat usein satumaisia, romaanit kommentoivat rohkeasti my\u00f6s maailmaa, jossa el\u00e4mme.<\/p>\n\n\t\t<\/div>\n\t<\/div>\n\t\t<div class=\"lab-vc-social-networks  display-type-rounded-icons\">\n\t\t<ul class=\"social-networks rounded\"><li><a href=\"mailto:siiri.enoranta@gmail.com\" target=\"_self\" class=\"email\" title=\"Email\" aria-label=\"Email\" rel=\"noopener\"><i class=\"far fa-envelope\"><\/i><span class=\"name\">Email<\/span><\/a><\/li><li><a href=\"https:\/\/pixelfed.social\/Siiri.Enoranta\" target=\"_blank\" class=\"custom\" title=\"Pixelfed\" aria-label=\"Pixelfed\" rel=\"noopener\"><i class=\"fa-sharp fa-solid fa-image\"><\/i><span class=\"name\">Pixelfed<\/span><\/a><\/li><\/ul>\t\t<\/div>\n\t\t<style data-appended-custom-css=\"true\">.btn-index-1 {border-color: #c4a3a7 !important;}<\/style><style data-appended-custom-css=\"true\">.btn-index-1:hover {background: #c4a3a7 !important;}<\/style><style data-appended-custom-css=\"true\">.btn-index-1 {color: #666666 !important;}<\/style><style data-appended-custom-css=\"true\">.btn-index-1:hover {color: #ffffff !important;}<\/style><style data-appended-custom-css=\"true\">.btn-index-1:hover {border-color: #ffffff !important;}<\/style><a href=\"https:\/\/www.wsoy.fi\/kirjailija\/siiri-enoranta\" title=\"\" target=\"_blank\" class=\"laborator-btn btn btn-index-1 btn-type-outlined-bg  btn-type-outlined btn-normal\">WSOY<\/a>\n<style data-appended-custom-css=\"true\">.btn-index-2 {border-color: #c4a3a7 !important;}<\/style><style data-appended-custom-css=\"true\">.btn-index-2:hover {background: #c4a3a7 !important;}<\/style><style data-appended-custom-css=\"true\">.btn-index-2 {color: #666666 !important;}<\/style><style data-appended-custom-css=\"true\">.btn-index-2:hover {color: #ffffff !important;}<\/style><style data-appended-custom-css=\"true\">.btn-index-2:hover {border-color: #ffffff !important;}<\/style><a href=\"https:\/\/www.bonnierrights.fi\/authors\/siiri-enoranta\/\" title=\"\" target=\"\" class=\"laborator-btn btn btn-index-2 btn-type-outlined-bg  btn-type-outlined btn-normal\">Literary agency Bonnier Rights<\/a>\n<\/div><\/div><\/div><div class=\"homepage-featured-book wpb_column vc_column_container vc_col-sm-6\"><div class=\"vc_column-inner\"><div class=\"wpb_wrapper\">\n\t<div  class=\"wpb_single_image wpb_content_element vc_align_right wpb_content_element wpb_animate_when_almost_visible wpb_fadeIn fadeIn\">\n\t\t\n\t\t<figure class=\"wpb_wrapper vc_figure\">\n\t\t\t<div class=\"vc_single_image-wrapper   vc_box_border_grey\"><img loading=\"lazy\" decoding=\"async\" width=\"960\" height=\"960\" src=\"https:\/\/siirienoranta.com\/wp-content\/uploads\/2021\/07\/Copy-of-Unnamed-Design-1.png\" class=\"vc_single_image-img attachment-full\" alt=\"\" title=\"\u00a9 Veikko Somerpuro \/ WSOY\" srcset=\"https:\/\/siirienoranta.com\/wp-content\/uploads\/2021\/07\/Copy-of-Unnamed-Design-1.png 960w, https:\/\/siirienoranta.com\/wp-content\/uploads\/2021\/07\/Copy-of-Unnamed-Design-1-600x600.png 600w, https:\/\/siirienoranta.com\/wp-content\/uploads\/2021\/07\/Copy-of-Unnamed-Design-1-768x768.png 768w, https:\/\/siirienoranta.com\/wp-content\/uploads\/2021\/07\/Copy-of-Unnamed-Design-1-12x12.png 12w, https:\/\/siirienoranta.com\/wp-content\/uploads\/2021\/07\/Copy-of-Unnamed-Design-1-468x468.png 468w, https:\/\/siirienoranta.com\/wp-content\/uploads\/2021\/07\/Copy-of-Unnamed-Design-1-806x806.png 806w, https:\/\/siirienoranta.com\/wp-content\/uploads\/2021\/07\/Copy-of-Unnamed-Design-1-558x558.png 558w, https:\/\/siirienoranta.com\/wp-content\/uploads\/2021\/07\/Copy-of-Unnamed-Design-1-655x655.png 655w, https:\/\/siirienoranta.com\/wp-content\/uploads\/2021\/07\/Copy-of-Unnamed-Design-1-220x220.png 220w, https:\/\/siirienoranta.com\/wp-content\/uploads\/2021\/07\/Copy-of-Unnamed-Design-1-300x300.png 300w, https:\/\/siirienoranta.com\/wp-content\/uploads\/2021\/07\/Copy-of-Unnamed-Design-1-150x150.png 150w\" sizes=\"auto, (max-width: 960px) 100vw, 960px\" \/><\/div><figcaption class=\"vc_figure-caption\">\u00a9 Veikko Somerpuro \/ WSOY<\/figcaption>\n\t\t<\/figure>\n\t<\/div>\n<\/div><\/div><\/div><\/div><\/div><\/div><\/div><\/div><div class=\"vc_row-full-width vc_clearfix\"><\/div><\/div><div class=\"vc-row-container container\"><div class=\"vc_row wpb_row vc_row-fluid\"><div class=\"wpb_column vc_column_container vc_col-sm-12\"><div class=\"vc_column-inner\"><div class=\"wpb_wrapper\"><div class=\"vc_empty_space\"   style=\"height: 10px\"><span class=\"vc_empty_space_inner\"><\/span><\/div><\/div><\/div><\/div><\/div><\/div><div class=\"vc-row-container container\"><div class=\"vc_row wpb_row vc_row-fluid\"><div class=\"wpb_column vc_column_container vc_col-sm-6\"><div class=\"vc_column-inner\"><div class=\"wpb_wrapper\"><div class=\"section-title\">\n    <h2>Palkinnot ja ehdokkuudet<\/h2>\n<\/div><div id=\"scrollbox-799783\" class=\"lab-scroll-box\" data-height=\"450\">\n\t\n\t<div class=\"lab-scroll-box-content\" style=\"max-height: 450px;\">\n\t\t\n\t\t<p><span style=\"font-weight: 400;\">Laivakello-palkintoehdokkuus 2024<br \/>\n<\/span><\/p>\n<p><span style=\"font-weight: 400;\">Laivakello-palkintoehdokkuus 2020<\/span><\/p>\n<p>WSOY:n kirjallisuuss\u00e4\u00e4ti\u00f6n tunnustuspalkinto 2018<\/p>\n<p>&nbsp;<\/p>\n<p><strong>Keuhkopuiden uni<\/strong><\/p>\n<p>T\u00e4htivaeltaja-palkinto 2025<\/p>\n<p>Tulenkantaja-palkintoehdokkuus 2024<\/p>\n<p>Kuvastaja-palkintoehdokkuus 2025<\/p>\n<p>&nbsp;<\/p>\n<p><strong>Maailmantytt\u00e4ret<\/strong><\/p>\n<p>Anni Swan -mitali 2024<\/p>\n<p>Nuori Aleksis -palkinto 2023<\/p>\n<p>Topelius-palkintoehdokkuus 2023<\/p>\n<p>&nbsp;<\/p>\n<p><b>Kes\u00e4myrsky<\/b><\/p>\n<p><span style=\"font-weight: 400;\">Pohjoismaiden neuvoston lasten- ja nuortenkirjallisuuspalkintoehdokkuus 2021<\/span><\/p>\n<p><span style=\"font-weight: 400;\">Lasten- ja nuortenkirjallisuuden Finlandia -ehdokkuus 2020<\/span><\/p>\n<p>&nbsp;<\/p>\n<p><b>Tuhatkuolevan kirous<\/b><\/p>\n<p><span style=\"font-weight: 400;\">Lasten- ja nuortenkirjallisuuden Finlandia -palkinto 2018<\/span><\/p>\n<p><span style=\"font-weight: 400;\">Storytel Awards \u2013 Suuri \u00e4\u00e4nikirjapalkinto -ehdokkuus 2020<\/span><\/p>\n<p><span style=\"font-weight: 400;\">Kuvastaja-palkintoehdokkuus 2019<\/span><\/p>\n<p>&nbsp;<\/p>\n<p><b>Josir Jalatvan eriskummallinen el\u00e4m\u00e4<\/b><\/p>\n<p><span style=\"font-weight: 400;\">Kuvastaja-palkintoehdokkuus 2018<\/span><\/p>\n<p>&nbsp;<\/p>\n<p><b>Surunhauras, lasinter\u00e4v\u00e4<\/b><\/p>\n<p><span style=\"font-weight: 400;\">Lasten- ja nuortenkirjallisuuden Finlandia -ehdokkuus 2015<\/span><\/p>\n<p><span style=\"font-weight: 400;\">Topelius-palkinto 2016<\/span><\/p>\n<p><span style=\"font-weight: 400;\">Tulenkantaja-palkintoehdokkuus 2016<\/span><\/p>\n<p><span style=\"font-weight: 400;\">Tampereen kaupungin kirjallisuuspalkinto 2015<\/span><\/p>\n<p><span style=\"font-weight: 400;\">Blogistanian Kuopus -palkinto 2015<\/span><\/p>\n<p><span style=\"font-weight: 400;\">Kuvastaja-palkintoehdokkuus 2016<\/span><\/p>\n<p>&nbsp;<\/p>\n<p><b>Nokkosvallankumous<\/b><\/p>\n<p><span style=\"font-weight: 400;\">Tampereen kaupungin kirjallisuuspalkinto 2013<\/span><\/p>\n<p><span style=\"font-weight: 400;\">Topelius-palkintoehdokkuus 2014<\/span><\/p>\n<p><span style=\"font-weight: 400;\">Kuvastaja-palkintoehdokkuus 2014<\/span><\/p>\n<p>&nbsp;<\/p>\n<p><b>Painajaisten lintukoto<\/b><\/p>\n<p><span style=\"font-weight: 400;\">Kuvastaja-palkintoehdokkuus 2013<\/span><\/p>\n<p>&nbsp;<\/p>\n<p><b>Gisellen kuolema<\/b><\/p>\n<p><span style=\"font-weight: 400;\">Runeberg-palkintoehdokkuus 2012<\/span><\/p>\n<p>&nbsp;<\/p>\n<p><b>Nukkuu lapsi viallinen<\/b><\/p>\n<p><span style=\"font-weight: 400;\">Tampereen kaupungin kirjallisuuspalkinto 2010<\/span><\/p>\n<p>&nbsp;<\/p>\n<p><b>Omenmean vallanhaltija<\/b><\/p>\n<p><span style=\"font-weight: 400;\">Lasten- ja nuortenkirjallisuuden Finlandia -ehdokkuus 2009<\/span><\/p>\n<p><span style=\"font-weight: 400;\">Kuvastaja-palkintoehdokkuus 2010<\/span><\/p>\n\t\t\n\t<\/div>\n\t\n<\/div><\/div><\/div><\/div><div class=\"wpb_column vc_column_container vc_col-sm-6\"><div class=\"vc_column-inner\"><div class=\"wpb_wrapper\"><div class=\"section-title\">\n    <h2>Teosluettelo<\/h2>\n<\/div><div id=\"scrollbox-474394\" class=\"lab-scroll-box\" data-height=\"450\">\n\t\n\t<div class=\"lab-scroll-box-content\" style=\"max-height: 450px;\">\n\t\t\n\t\t<p>Tulossa 5.5.2026: <strong>Keskusteluja kukkasten kanssa<\/strong>, WSOY<\/p>\n<p><strong>Keuhkopuiden uni<\/strong>, Gummerus 2024<\/p>\n<p><span style=\"font-weight: 400;\"><strong>Maailmantytt\u00e4ret,<\/strong> WSOY 2022<\/span><\/p>\n<p><span style=\"font-weight: 400;\"><strong>Kes\u00e4myrsky,<\/strong> WSOY 2020<\/span><\/p>\n<p><span style=\"font-weight: 400;\"><strong>Tuhatkuolevan kirous,<\/strong> WSOY 2018<\/span><\/p>\n<p><span style=\"font-weight: 400;\"><strong>Josir Jalatvan eriskummallinen el\u00e4m\u00e4,<\/strong> Robustos 2017<\/span><\/p>\n<p><span style=\"font-weight: 400;\"><strong>Surunhauras, lasinter\u00e4v\u00e4,<\/strong> WSOY 2015<\/span><\/p>\n<p><span style=\"font-weight: 400;\"><strong>Nokkosvallankumous,<\/strong> WSOY 2013<\/span><\/p>\n<p><span style=\"font-weight: 400;\"><strong>Painajaisten lintukoto,<\/strong> WSOY 2012<\/span><\/p>\n<p><span style=\"font-weight: 400;\"><strong>Gisellen kuolema,<\/strong> Robustos 2011<\/span><\/p>\n<p><span style=\"font-weight: 400;\"><strong>Nukkuu lapsi viallinen,<\/strong> Robustos 2010<\/span><\/p>\n<p><span style=\"font-weight: 400;\"><strong>Omenmean vallanhaltija,<\/strong> Robustos 2009<\/span><\/p>\n\t\t\n\t<\/div>\n\t\n<\/div><\/div><\/div><\/div><\/div><\/div><div class=\"vc-row-container container\"><div class=\"vc_row wpb_row vc_row-fluid\"><div class=\"wpb_column vc_column_container vc_col-sm-12\"><div class=\"vc_column-inner\"><div class=\"wpb_wrapper\"><div class=\"vc_empty_space\"   style=\"height: 15px\"><span class=\"vc_empty_space_inner\"><\/span><\/div><\/div><\/div><\/div><\/div><\/div><div class=\"vc-row-container container parent--home-book-of-month\"><div data-vc-full-width=\"true\" data-vc-full-width-temp=\"true\" data-vc-full-width-init=\"false\" data-vc-parallax=\"1.5\" data-vc-parallax-image=\"https:\/\/siirienoranta.com\/wp-content\/uploads\/2021\/07\/Siiri-Enoranta-6-1.png\" class=\"vc_row wpb_row vc_row-fluid home-book-of-month vc_row-has-fill vc_row-o-content-top vc_row-flex vc_general vc_parallax vc_parallax-content-moving row-stretch\"><div class=\"wpb_column vc_column_container vc_col-sm-1\"><div class=\"vc_column-inner\"><div class=\"wpb_wrapper\"><\/div><\/div><\/div><div class=\"wpb_column vc_column_container vc_col-sm-10\"><div class=\"vc_column-inner\"><div class=\"wpb_wrapper\">\n\t<div class=\"wpb_text_column wpb_content_element post-formatting\" >\n\t\t<div class=\"wpb_wrapper\">\n\t\t\t\n\t\t<\/div>\n\t<\/div>\n<\/div><\/div><\/div><div class=\"wpb_column vc_column_container vc_col-sm-1\"><div class=\"vc_column-inner\"><div class=\"wpb_wrapper\"><\/div><\/div><\/div><\/div><div class=\"vc_row-full-width vc_clearfix\"><\/div><\/div><div class=\"vc-row-container container\"><div class=\"vc_row wpb_row vc_row-fluid\"><div class=\"wpb_column vc_column_container vc_col-sm-12\"><div class=\"vc_column-inner\"><div class=\"wpb_wrapper\"><div class=\"vc_empty_space\"   style=\"height: 15px\"><span class=\"vc_empty_space_inner\"><\/span><\/div><\/div><\/div><\/div><\/div><\/div><div class=\"vc-row-container container\"><div class=\"vc_row wpb_row vc_row-fluid\"><div class=\"wpb_column vc_column_container vc_col-sm-12\"><div class=\"vc_column-inner\"><div class=\"wpb_wrapper\"><div class=\"section-title\">\n    <h2>Pressikuvat<\/h2>\n<p>Mainitsethan kuvaajan nimen julkaisun yhteydess\u00e4. Nimen saat n\u00e4kyviin klikkaamalla kuvaa. <\/p>\n<\/div><style data-appended-custom-css=\"true\">.btn-index-3 {border-color: #c4a3a7 !important;}<\/style><style data-appended-custom-css=\"true\">.btn-index-3:hover {background: #c4a3a7 !important;}<\/style><style data-appended-custom-css=\"true\">.btn-index-3 {color: #666666 !important;}<\/style><style data-appended-custom-css=\"true\">.btn-index-3:hover {color: #ffffff !important;}<\/style><style data-appended-custom-css=\"true\">.btn-index-3:hover {border-color: #ffffff !important;}<\/style><a href=\"https:\/\/siirienoranta.com\/wp-content\/uploads\/Siirin-kuvat.zip\" title=\"Lataa painokelpoiset kuvat\" target=\"_blank\" class=\"laborator-btn btn btn-index-3 btn-type-outlined-bg  btn-type-outlined btn-normal\">Lataa painokelpoiset kuvat<\/a>\n\n<div class=\"vc_grid-container-wrapper vc_clearfix vc_grid-animation-zoomIn\">\n\t<div class=\"vc_grid-container vc_clearfix wpb_content_element vc_masonry_media_grid\" data-initial-loading-animation=\"zoomIn\" data-vc-grid-settings=\"{&quot;page_id&quot;:1970,&quot;style&quot;:&quot;all-masonry&quot;,&quot;action&quot;:&quot;vc_get_vc_grid_data&quot;,&quot;shortcode_id&quot;:&quot;1761202187948-911b7f68-0802-6&quot;,&quot;tag&quot;:&quot;vc_masonry_media_grid&quot;}\" data-vc-request=\"https:\/\/siirienoranta.com\/wp-admin\/admin-ajax.php\" data-vc-post-id=\"1970\" data-vc-public-nonce=\"2d83f780fa\">\n\t\t\n\t<\/div>\n<\/div><\/div><\/div><\/div><\/div><\/div>\n<\/div>","protected":false},"excerpt":{"rendered":"Siiri Enoranta Siiri Enoranta on tamperelainen kirjailija, jonka palkitut teokset uhmaavat ik\u00e4raja- ja genre-luokitteluja. Suurin osa Enorannan romaaneista asettuu tavalla tai toisella spekulatiivisen fiktion sateenvarjon alle, ja monilla teoksista on nuorten ja aikuisten tuplakirjastoluokitus. Teoksissaan Enoranta tutkii rakkauden ja kuoleman ikiaikaisia teemoja raikkailla tavoilla, ja vaikka milj\u00f6\u00f6t ovat usein satumaisia, romaanit kommentoivat rohkeasti my\u00f6s maailmaa,&hellip;","protected":false},"author":2,"featured_media":0,"parent":0,"menu_order":0,"comment_status":"closed","ping_status":"closed","template":"","meta":{"_acf_changed":false,"footnotes":""},"class_list":["post-1970","page","type-page","status-publish","hentry"],"acf":[],"_links":{"self":[{"href":"https:\/\/siirienoranta.com\/en\/wp-json\/wp\/v2\/pages\/1970","targetHints":{"allow":["GET"]}}],"collection":[{"href":"https:\/\/siirienoranta.com\/en\/wp-json\/wp\/v2\/pages"}],"about":[{"href":"https:\/\/siirienoranta.com\/en\/wp-json\/wp\/v2\/types\/page"}],"author":[{"embeddable":true,"href":"https:\/\/siirienoranta.com\/en\/wp-json\/wp\/v2\/users\/2"}],"replies":[{"embeddable":true,"href":"https:\/\/siirienoranta.com\/en\/wp-json\/wp\/v2\/comments?post=1970"}],"version-history":[{"count":170,"href":"https:\/\/siirienoranta.com\/en\/wp-json\/wp\/v2\/pages\/1970\/revisions"}],"predecessor-version":[{"id":3083,"href":"https:\/\/siirienoranta.com\/en\/wp-json\/wp\/v2\/pages\/1970\/revisions\/3083"}],"wp:attachment":[{"href":"https:\/\/siirienoranta.com\/en\/wp-json\/wp\/v2\/media?parent=1970"}],"curies":[{"name":"wp","href":"https:\/\/api.w.org\/{rel}","templated":true}]}}