{"id":1968,"date":"2021-07-19T18:58:37","date_gmt":"2021-07-19T15:58:37","guid":{"rendered":"http:\/\/siirienoranta.com\/?page_id=1968"},"modified":"2021-07-28T15:33:12","modified_gmt":"2021-07-28T12:33:12","slug":"kirjat","status":"publish","type":"page","link":"https:\/\/siirienoranta.com\/en\/kirjat\/","title":{"rendered":"Kirjat"},"content":{"rendered":"<div class=\"wpb-content-wrapper\"><div class=\"vc-row-container container\"><div class=\"vc_row wpb_row vc_row-fluid\"><div class=\"wpb_column vc_column_container vc_col-sm-12\"><div class=\"vc_column-inner\"><div class=\"wpb_wrapper\"><div class=\"section-title\">\n    <h2>Kaikki kirjat<\/h2>\n<p>Kansikuvaa klikkaamalla saat lis\u00e4tietoa kirjoista.<\/p>\n<\/div><div class=\"woocommerce columns-4\"><div class=\"products-loop products-loop--fitrows\"><ul class=\"products columns-4\">\n<li class=\"product catalog-layout-default columns-xs-2 type-product post-3077 status-publish first instock product_cat-kaikki product_cat-viimeisimmat shipping-taxable product-type-simple\">\n\t        <div class=\"product-images\">\n\n\t\t\t<a href=\"https:\/\/siirienoranta.com\/en\/product\/keskusteluja-kukkasten-kanssa\/\" class=\"woocommerce-LoopProduct-link woocommerce-loop-product__link\"><span class=\"image-placeholder\" style=\"padding-bottom:152.00000000%\"><img width=\"300\" height=\"456\" class=\"attachment-woocommerce_thumbnail size-woocommerce_thumbnail img-3078 lazyload\" alt=\"\" data-src=\"https:\/\/siirienoranta.com\/wp-content\/uploads\/Keskusteluja-kukkasten-kanssa-kansi-300x456.jpg\" data-srcset=\"https:\/\/siirienoranta.com\/wp-content\/uploads\/Keskusteluja-kukkasten-kanssa-kansi-300x456.jpg 300w, https:\/\/siirienoranta.com\/wp-content\/uploads\/Keskusteluja-kukkasten-kanssa-kansi-8x12.jpg 8w\" data-sizes=\"(max-width: 300px) 100vw, 300px\" \/><\/span><\/a>\n        <\/div>\n\t\t            <div class=\"item-info\">\n\n                <div class=\"item-info-row\">\n\n                    <div class=\"title-column\">\n                        <h3>\n                            <a href=\"https:\/\/siirienoranta.com\/en\/product\/keskusteluja-kukkasten-kanssa\/\">Keskusteluja kukkasten kanssa<\/a>\n                        <\/h3>\n\n\t\t\t\t\t\t                    <\/div>\n\n\t\t\t\t\t                <\/div>\n\n            <\/div>\n\n\n            <div class=\"added-to-cart-button\">\n                <a href=\"https:\/\/siirienoranta.com\/en\"><i class=\"icon icon-ecommerce-bag-check\"><\/i><\/a>\n            <\/div>\n\t\t<\/li>\n<li class=\"product catalog-layout-default columns-xs-2 type-product post-2985 status-publish instock product_cat-kaikki product_cat-viimeisimmat has-post-thumbnail shipping-taxable product-type-simple\">\n\t        <div class=\"product-images\">\n\n\t\t\t<a href=\"https:\/\/siirienoranta.com\/en\/product\/keuhkopuiden-uni\/\" class=\"woocommerce-LoopProduct-link woocommerce-loop-product__link\"><span class=\"image-placeholder\" style=\"padding-bottom:152.00000000%\"><img width=\"300\" height=\"456\" class=\"attachment-woocommerce_thumbnail size-woocommerce_thumbnail img-3001 lazyload\" alt=\"\" data-src=\"https:\/\/siirienoranta.com\/wp-content\/uploads\/Keuhkopuiden-uni-kansikuva-300x456.jpg\" data-srcset=\"https:\/\/siirienoranta.com\/wp-content\/uploads\/Keuhkopuiden-uni-kansikuva-300x456.jpg 300w, https:\/\/siirienoranta.com\/wp-content\/uploads\/Keuhkopuiden-uni-kansikuva-1320x2000.jpg 1320w, https:\/\/siirienoranta.com\/wp-content\/uploads\/Keuhkopuiden-uni-kansikuva-660x1000.jpg 660w, https:\/\/siirienoranta.com\/wp-content\/uploads\/Keuhkopuiden-uni-kansikuva-8x12.jpg 8w, https:\/\/siirienoranta.com\/wp-content\/uploads\/Keuhkopuiden-uni-kansikuva-600x909.jpg 600w\" data-sizes=\"(max-width: 300px) 100vw, 300px\" \/><\/span><\/a>\n        <\/div>\n\t\t            <div class=\"item-info\">\n\n                <div class=\"item-info-row\">\n\n                    <div class=\"title-column\">\n                        <h3>\n                            <a href=\"https:\/\/siirienoranta.com\/en\/product\/keuhkopuiden-uni\/\">Keuhkopuiden uni<\/a>\n                        <\/h3>\n\n\t\t\t\t\t\t                    <\/div>\n\n\t\t\t\t\t                <\/div>\n\n            <\/div>\n\n\n            <div class=\"added-to-cart-button\">\n                <a href=\"https:\/\/siirienoranta.com\/en\"><i class=\"icon icon-ecommerce-bag-check\"><\/i><\/a>\n            <\/div>\n\t\t<\/li>\n<li class=\"product catalog-layout-default columns-xs-2 type-product post-2843 status-publish instock product_cat-kaikki product_cat-viimeisimmat has-post-thumbnail shipping-taxable product-type-simple\">\n\t        <div class=\"product-images\">\n\n\t\t\t<a href=\"https:\/\/siirienoranta.com\/en\/product\/maailmantyttaret\/\" class=\"woocommerce-LoopProduct-link woocommerce-loop-product__link\"><span class=\"image-placeholder\" style=\"padding-bottom:152.00000000%\"><img width=\"300\" height=\"456\" class=\"attachment-woocommerce_thumbnail size-woocommerce_thumbnail img-2845 lazyload\" alt=\"\" data-src=\"https:\/\/siirienoranta.com\/wp-content\/uploads\/2021\/09\/Maailmantyttaret-300x456.jpg\" data-srcset=\"https:\/\/siirienoranta.com\/wp-content\/uploads\/2021\/09\/Maailmantyttaret-300x456.jpg 300w, https:\/\/siirienoranta.com\/wp-content\/uploads\/2021\/09\/Maailmantyttaret-8x12.jpg 8w\" data-sizes=\"(max-width: 300px) 100vw, 300px\" \/><\/span><\/a>\n        <\/div>\n\t\t            <div class=\"item-info\">\n\n                <div class=\"item-info-row\">\n\n                    <div class=\"title-column\">\n                        <h3>\n                            <a href=\"https:\/\/siirienoranta.com\/en\/product\/maailmantyttaret\/\">Maailmantytt\u00e4ret<\/a>\n                        <\/h3>\n\n\t\t\t\t\t\t                    <\/div>\n\n\t\t\t\t\t                <\/div>\n\n            <\/div>\n\n\n            <div class=\"added-to-cart-button\">\n                <a href=\"https:\/\/siirienoranta.com\/en\"><i class=\"icon icon-ecommerce-bag-check\"><\/i><\/a>\n            <\/div>\n\t\t<\/li>\n<li class=\"product catalog-layout-default columns-xs-2 type-product post-2440 status-publish last instock product_cat-kaikki product_cat-viimeisimmat has-post-thumbnail shipping-taxable product-type-simple\">\n\t        <div class=\"product-images\">\n\n\t\t\t<a href=\"https:\/\/siirienoranta.com\/en\/product\/kesamyrsky\/\" class=\"woocommerce-LoopProduct-link woocommerce-loop-product__link\"><span class=\"image-placeholder\" style=\"padding-bottom:152.00000000%\"><img width=\"300\" height=\"456\" class=\"attachment-woocommerce_thumbnail size-woocommerce_thumbnail img-758 lazyload\" alt=\"Kansikuva: Riikka Turkulainen\" data-src=\"https:\/\/siirienoranta.com\/wp-content\/uploads\/2019\/09\/Kesamyrsky-300x456.jpg\" data-srcset=\"https:\/\/siirienoranta.com\/wp-content\/uploads\/2019\/09\/Kesamyrsky-300x456.jpg 300w, https:\/\/siirienoranta.com\/wp-content\/uploads\/2019\/09\/Kesamyrsky-8x12.jpg 8w\" data-sizes=\"(max-width: 300px) 100vw, 300px\" \/><\/span><\/a><a href=\"https:\/\/siirienoranta.com\/en\/product\/kesamyrsky\/\" class=\"woocommerce-LoopProduct-link woocommerce-loop-product__link gallery-image gallery-image--hoverable\"><span class=\"image-placeholder\" style=\"padding-bottom:152.00000000%\"><img width=\"300\" height=\"456\" class=\"attachment-woocommerce_thumbnail size-woocommerce_thumbnail img-2918 lazyload\" alt=\"\" data-src=\"https:\/\/siirienoranta.com\/wp-content\/uploads\/2022\/03\/Stormsommar-300x456.jpg\" data-srcset=\"https:\/\/siirienoranta.com\/wp-content\/uploads\/2022\/03\/Stormsommar-300x456.jpg 300w, https:\/\/siirienoranta.com\/wp-content\/uploads\/2022\/03\/Stormsommar-8x12.jpg 8w\" data-sizes=\"(max-width: 300px) 100vw, 300px\" \/><\/span><\/a>\n        <\/div>\n\t\t            <div class=\"item-info\">\n\n                <div class=\"item-info-row\">\n\n                    <div class=\"title-column\">\n                        <h3>\n                            <a href=\"https:\/\/siirienoranta.com\/en\/product\/kesamyrsky\/\">Kes\u00e4myrsky<\/a>\n                        <\/h3>\n\n\t\t\t\t\t\t                    <\/div>\n\n\t\t\t\t\t                <\/div>\n\n            <\/div>\n\n\n            <div class=\"added-to-cart-button\">\n                <a href=\"https:\/\/siirienoranta.com\/en\"><i class=\"icon icon-ecommerce-bag-check\"><\/i><\/a>\n            <\/div>\n\t\t<\/li>\n<li class=\"product catalog-layout-default columns-xs-2 type-product post-2438 status-publish first instock product_cat-kaikki product_cat-viimeisimmat has-post-thumbnail shipping-taxable product-type-simple\">\n\t        <div class=\"product-images\">\n\n\t\t\t<a href=\"https:\/\/siirienoranta.com\/en\/product\/tuhatkuolevan-kirous\/\" class=\"woocommerce-LoopProduct-link woocommerce-loop-product__link\"><span class=\"image-placeholder\" style=\"padding-bottom:152.00000000%\"><img width=\"300\" height=\"456\" class=\"attachment-woocommerce_thumbnail size-woocommerce_thumbnail img-651 lazyload\" alt=\"\" data-src=\"https:\/\/siirienoranta.com\/wp-content\/uploads\/2018\/02\/tuhatkuoleva-2-300x456.jpg\" data-srcset=\"https:\/\/siirienoranta.com\/wp-content\/uploads\/2018\/02\/tuhatkuoleva-2-300x456.jpg 300w, https:\/\/siirienoranta.com\/wp-content\/uploads\/2018\/02\/tuhatkuoleva-2-8x12.jpg 8w\" data-sizes=\"(max-width: 300px) 100vw, 300px\" \/><\/span><\/a><a href=\"https:\/\/siirienoranta.com\/en\/product\/tuhatkuolevan-kirous\/\" class=\"woocommerce-LoopProduct-link woocommerce-loop-product__link gallery-image gallery-image--hoverable\"><span class=\"image-placeholder\" style=\"padding-bottom:152.00000000%\"><img width=\"300\" height=\"456\" class=\"attachment-woocommerce_thumbnail size-woocommerce_thumbnail img-810 lazyload\" alt=\"\" data-src=\"https:\/\/siirienoranta.com\/wp-content\/uploads\/2020\/11\/A-gift-or-a-curse-300x456.jpg\" data-srcset=\"https:\/\/siirienoranta.com\/wp-content\/uploads\/2020\/11\/A-gift-or-a-curse-300x456.jpg 300w, https:\/\/siirienoranta.com\/wp-content\/uploads\/2020\/11\/A-gift-or-a-curse-8x12.jpg 8w\" data-sizes=\"(max-width: 300px) 100vw, 300px\" \/><\/span><\/a>\n        <\/div>\n\t\t            <div class=\"item-info\">\n\n                <div class=\"item-info-row\">\n\n                    <div class=\"title-column\">\n                        <h3>\n                            <a href=\"https:\/\/siirienoranta.com\/en\/product\/tuhatkuolevan-kirous\/\">Tuhatkuolevan kirous<\/a>\n                        <\/h3>\n\n\t\t\t\t\t\t                    <\/div>\n\n\t\t\t\t\t                <\/div>\n\n            <\/div>\n\n\n            <div class=\"added-to-cart-button\">\n                <a href=\"https:\/\/siirienoranta.com\/en\"><i class=\"icon icon-ecommerce-bag-check\"><\/i><\/a>\n            <\/div>\n\t\t<\/li>\n<li class=\"product catalog-layout-default columns-xs-2 type-product post-2419 status-publish instock product_cat-kaikki product_cat-viimeisimmat has-post-thumbnail shipping-taxable product-type-simple\">\n\t        <div class=\"product-images\">\n\n\t\t\t<a href=\"https:\/\/siirienoranta.com\/en\/product\/josir-jalatvan-eriskummallinen-elama\/\" class=\"woocommerce-LoopProduct-link woocommerce-loop-product__link\"><span class=\"image-placeholder\" style=\"padding-bottom:152.00000000%\"><img width=\"300\" height=\"456\" class=\"attachment-woocommerce_thumbnail size-woocommerce_thumbnail img-594 lazyload\" alt=\"\" data-src=\"https:\/\/siirienoranta.com\/wp-content\/uploads\/2017\/05\/JosirJalatva-300x456.jpg\" data-srcset=\"https:\/\/siirienoranta.com\/wp-content\/uploads\/2017\/05\/JosirJalatva-300x456.jpg 300w, https:\/\/siirienoranta.com\/wp-content\/uploads\/2017\/05\/JosirJalatva-8x12.jpg 8w\" data-sizes=\"(max-width: 300px) 100vw, 300px\" \/><\/span><\/a>\n        <\/div>\n\t\t            <div class=\"item-info\">\n\n                <div class=\"item-info-row\">\n\n                    <div class=\"title-column\">\n                        <h3>\n                            <a href=\"https:\/\/siirienoranta.com\/en\/product\/josir-jalatvan-eriskummallinen-elama\/\">Josir Jalatvan eriskummallinen el\u00e4m\u00e4<\/a>\n                        <\/h3>\n\n\t\t\t\t\t\t                    <\/div>\n\n\t\t\t\t\t                <\/div>\n\n            <\/div>\n\n\n            <div class=\"added-to-cart-button\">\n                <a href=\"https:\/\/siirienoranta.com\/en\"><i class=\"icon icon-ecommerce-bag-check\"><\/i><\/a>\n            <\/div>\n\t\t<\/li>\n<li class=\"product catalog-layout-default columns-xs-2 type-product post-2444 status-publish instock product_cat-kaikki product_cat-viimeisimmat has-post-thumbnail shipping-taxable product-type-simple\">\n\t        <div class=\"product-images\">\n\n\t\t\t<a href=\"https:\/\/siirienoranta.com\/en\/product\/surunhauras-lasinterava\/\" class=\"woocommerce-LoopProduct-link woocommerce-loop-product__link\"><span class=\"image-placeholder\" style=\"padding-bottom:152.00000000%\"><img width=\"300\" height=\"456\" class=\"attachment-woocommerce_thumbnail size-woocommerce_thumbnail img-464 lazyload\" alt=\"\" data-src=\"https:\/\/siirienoranta.com\/wp-content\/uploads\/2015\/05\/Surunhauras_etukansi_highres-300x456.jpg\" data-srcset=\"https:\/\/siirienoranta.com\/wp-content\/uploads\/2015\/05\/Surunhauras_etukansi_highres-300x456.jpg 300w, https:\/\/siirienoranta.com\/wp-content\/uploads\/2015\/05\/Surunhauras_etukansi_highres-8x12.jpg 8w\" data-sizes=\"(max-width: 300px) 100vw, 300px\" \/><\/span><\/a><a href=\"https:\/\/siirienoranta.com\/en\/product\/surunhauras-lasinterava\/\" class=\"woocommerce-LoopProduct-link woocommerce-loop-product__link gallery-image gallery-image--hoverable\"><span class=\"image-placeholder\" style=\"padding-bottom:152.00000000%\"><img width=\"300\" height=\"456\" class=\"attachment-woocommerce_thumbnail size-woocommerce_thumbnail img-731 lazyload\" alt=\"\" data-src=\"https:\/\/siirienoranta.com\/wp-content\/uploads\/2019\/09\/68888198_666583290487974_3918756851251937280_n-300x456.jpg\" data-srcset=\"https:\/\/siirienoranta.com\/wp-content\/uploads\/2019\/09\/68888198_666583290487974_3918756851251937280_n-300x456.jpg 300w, https:\/\/siirienoranta.com\/wp-content\/uploads\/2019\/09\/68888198_666583290487974_3918756851251937280_n-8x12.jpg 8w\" data-sizes=\"(max-width: 300px) 100vw, 300px\" \/><\/span><\/a>\n        <\/div>\n\t\t            <div class=\"item-info\">\n\n                <div class=\"item-info-row\">\n\n                    <div class=\"title-column\">\n                        <h3>\n                            <a href=\"https:\/\/siirienoranta.com\/en\/product\/surunhauras-lasinterava\/\">Surunhauras, lasinter\u00e4v\u00e4<\/a>\n                        <\/h3>\n\n\t\t\t\t\t\t                    <\/div>\n\n\t\t\t\t\t                <\/div>\n\n            <\/div>\n\n\n            <div class=\"added-to-cart-button\">\n                <a href=\"https:\/\/siirienoranta.com\/en\"><i class=\"icon icon-ecommerce-bag-check\"><\/i><\/a>\n            <\/div>\n\t\t<\/li>\n<li class=\"product catalog-layout-default columns-xs-2 type-product post-2448 status-publish last instock product_cat-kaikki has-post-thumbnail shipping-taxable product-type-simple\">\n\t        <div class=\"product-images\">\n\n\t\t\t<a href=\"https:\/\/siirienoranta.com\/en\/product\/nokkosvallankumous\/\" class=\"woocommerce-LoopProduct-link woocommerce-loop-product__link\"><span class=\"image-placeholder\" style=\"padding-bottom:152.00000000%\"><img width=\"300\" height=\"456\" class=\"attachment-woocommerce_thumbnail size-woocommerce_thumbnail img-355 lazyload\" alt=\"\" data-src=\"https:\/\/siirienoranta.com\/wp-content\/uploads\/2012\/09\/nokkosvallankumous-300x456.jpg\" \/><\/span><\/a>\n        <\/div>\n\t\t            <div class=\"item-info\">\n\n                <div class=\"item-info-row\">\n\n                    <div class=\"title-column\">\n                        <h3>\n                            <a href=\"https:\/\/siirienoranta.com\/en\/product\/nokkosvallankumous\/\">Nokkosvallankumous<\/a>\n                        <\/h3>\n\n\t\t\t\t\t\t                    <\/div>\n\n\t\t\t\t\t                <\/div>\n\n            <\/div>\n\n\n            <div class=\"added-to-cart-button\">\n                <a href=\"https:\/\/siirienoranta.com\/en\"><i class=\"icon icon-ecommerce-bag-check\"><\/i><\/a>\n            <\/div>\n\t\t<\/li>\n<li class=\"product catalog-layout-default columns-xs-2 type-product post-2450 status-publish first instock product_cat-kaikki has-post-thumbnail shipping-taxable product-type-simple\">\n\t        <div class=\"product-images\">\n\n\t\t\t<a href=\"https:\/\/siirienoranta.com\/en\/product\/painajaisten-lintukoto\/\" class=\"woocommerce-LoopProduct-link woocommerce-loop-product__link\"><span class=\"image-placeholder\" style=\"padding-bottom:152.00000000%\"><img width=\"300\" height=\"456\" class=\"attachment-woocommerce_thumbnail size-woocommerce_thumbnail img-319 lazyload\" alt=\"\" data-src=\"https:\/\/siirienoranta.com\/wp-content\/uploads\/2011\/12\/PainajaistenKansikuva-300x456.jpg\" data-srcset=\"https:\/\/siirienoranta.com\/wp-content\/uploads\/2011\/12\/PainajaistenKansikuva-300x456.jpg 300w, https:\/\/siirienoranta.com\/wp-content\/uploads\/2011\/12\/PainajaistenKansikuva-8x12.jpg 8w\" data-sizes=\"(max-width: 300px) 100vw, 300px\" \/><\/span><\/a>\n        <\/div>\n\t\t            <div class=\"item-info\">\n\n                <div class=\"item-info-row\">\n\n                    <div class=\"title-column\">\n                        <h3>\n                            <a href=\"https:\/\/siirienoranta.com\/en\/product\/painajaisten-lintukoto\/\">Painajaisten lintukoto<\/a>\n                        <\/h3>\n\n\t\t\t\t\t\t                    <\/div>\n\n\t\t\t\t\t                <\/div>\n\n            <\/div>\n\n\n            <div class=\"added-to-cart-button\">\n                <a href=\"https:\/\/siirienoranta.com\/en\"><i class=\"icon icon-ecommerce-bag-check\"><\/i><\/a>\n            <\/div>\n\t\t<\/li>\n<li class=\"product catalog-layout-default columns-xs-2 type-product post-2446 status-publish instock product_cat-kaikki has-post-thumbnail shipping-taxable product-type-simple\">\n\t        <div class=\"product-images\">\n\n\t\t\t<a href=\"https:\/\/siirienoranta.com\/en\/product\/gisellen-kuolema\/\" class=\"woocommerce-LoopProduct-link woocommerce-loop-product__link\"><span class=\"image-placeholder\" style=\"padding-bottom:152.00000000%\"><img width=\"300\" height=\"456\" class=\"attachment-woocommerce_thumbnail size-woocommerce_thumbnail img-2877 lazyload\" alt=\"\" data-src=\"https:\/\/siirienoranta.com\/wp-content\/uploads\/2011\/07\/Gisellen-kuolema-300x456.jpg\" data-srcset=\"https:\/\/siirienoranta.com\/wp-content\/uploads\/2011\/07\/Gisellen-kuolema-300x456.jpg 300w, https:\/\/siirienoranta.com\/wp-content\/uploads\/2011\/07\/Gisellen-kuolema-8x12.jpg 8w\" data-sizes=\"(max-width: 300px) 100vw, 300px\" \/><\/span><\/a>\n        <\/div>\n\t\t            <div class=\"item-info\">\n\n                <div class=\"item-info-row\">\n\n                    <div class=\"title-column\">\n                        <h3>\n                            <a href=\"https:\/\/siirienoranta.com\/en\/product\/gisellen-kuolema\/\">Gisellen kuolema<\/a>\n                        <\/h3>\n\n\t\t\t\t\t\t                    <\/div>\n\n\t\t\t\t\t                <\/div>\n\n            <\/div>\n\n\n            <div class=\"added-to-cart-button\">\n                <a href=\"https:\/\/siirienoranta.com\/en\"><i class=\"icon icon-ecommerce-bag-check\"><\/i><\/a>\n            <\/div>\n\t\t<\/li>\n<li class=\"product catalog-layout-default columns-xs-2 type-product post-2443 status-publish instock product_cat-kaikki has-post-thumbnail shipping-taxable product-type-simple\">\n\t        <div class=\"product-images\">\n\n\t\t\t<a href=\"https:\/\/siirienoranta.com\/en\/product\/nukkuu-lapsi-viallinen\/\" class=\"woocommerce-LoopProduct-link woocommerce-loop-product__link\"><span class=\"image-placeholder\" style=\"padding-bottom:152.00000000%\"><img width=\"300\" height=\"456\" class=\"attachment-woocommerce_thumbnail size-woocommerce_thumbnail img-48 lazyload\" alt=\"\" data-src=\"https:\/\/siirienoranta.com\/wp-content\/uploads\/2010\/08\/NLV_kansi2-300x456.jpg\" data-srcset=\"https:\/\/siirienoranta.com\/wp-content\/uploads\/2010\/08\/NLV_kansi2-300x456.jpg 300w, https:\/\/siirienoranta.com\/wp-content\/uploads\/2010\/08\/NLV_kansi2-8x12.jpg 8w\" data-sizes=\"(max-width: 300px) 100vw, 300px\" \/><\/span><\/a>\n        <\/div>\n\t\t            <div class=\"item-info\">\n\n                <div class=\"item-info-row\">\n\n                    <div class=\"title-column\">\n                        <h3>\n                            <a href=\"https:\/\/siirienoranta.com\/en\/product\/nukkuu-lapsi-viallinen\/\">Nukkuu lapsi viallinen<\/a>\n                        <\/h3>\n\n\t\t\t\t\t\t                    <\/div>\n\n\t\t\t\t\t                <\/div>\n\n            <\/div>\n\n\n            <div class=\"added-to-cart-button\">\n                <a href=\"https:\/\/siirienoranta.com\/en\"><i class=\"icon icon-ecommerce-bag-check\"><\/i><\/a>\n            <\/div>\n\t\t<\/li>\n<li class=\"product catalog-layout-default columns-xs-2 type-product post-2414 status-publish last instock product_cat-kaikki has-post-thumbnail shipping-taxable product-type-simple\">\n\t        <div class=\"product-images\">\n\n\t\t\t<a href=\"https:\/\/siirienoranta.com\/en\/product\/omenmean-vallanhaltija\/\" class=\"woocommerce-LoopProduct-link woocommerce-loop-product__link\"><span class=\"image-placeholder\" style=\"padding-bottom:152.00000000%\"><img width=\"300\" height=\"456\" class=\"attachment-woocommerce_thumbnail size-woocommerce_thumbnail img-2044 lazyload\" alt=\"\" data-src=\"https:\/\/siirienoranta.com\/wp-content\/uploads\/2021\/07\/Screenshot-2021-07-19-at-21.14.24-300x456.png\" data-srcset=\"https:\/\/siirienoranta.com\/wp-content\/uploads\/2021\/07\/Screenshot-2021-07-19-at-21.14.24-300x456.png 300w, https:\/\/siirienoranta.com\/wp-content\/uploads\/2021\/07\/Screenshot-2021-07-19-at-21.14.24-8x12.png 8w\" data-sizes=\"(max-width: 300px) 100vw, 300px\" \/><\/span><\/a><a href=\"https:\/\/siirienoranta.com\/en\/product\/omenmean-vallanhaltija\/\" class=\"woocommerce-LoopProduct-link woocommerce-loop-product__link gallery-image gallery-image--hoverable\"><span class=\"image-placeholder\" style=\"padding-bottom:152.00000000%\"><img width=\"300\" height=\"456\" class=\"attachment-woocommerce_thumbnail size-woocommerce_thumbnail img-2881 lazyload\" alt=\"\" data-src=\"https:\/\/siirienoranta.com\/wp-content\/uploads\/2009\/07\/digiomenmea-300x456.jpg\" \/><\/span><\/a>\n        <\/div>\n\t\t            <div class=\"item-info\">\n\n                <div class=\"item-info-row\">\n\n                    <div class=\"title-column\">\n                        <h3>\n                            <a href=\"https:\/\/siirienoranta.com\/en\/product\/omenmean-vallanhaltija\/\">Omenmean vallanhaltija<\/a>\n                        <\/h3>\n\n\t\t\t\t\t\t                    <\/div>\n\n\t\t\t\t\t                <\/div>\n\n            <\/div>\n\n\n            <div class=\"added-to-cart-button\">\n                <a href=\"https:\/\/siirienoranta.com\/en\"><i class=\"icon icon-ecommerce-bag-check\"><\/i><\/a>\n            <\/div>\n\t\t<\/li>\n<\/ul>\n<\/div><\/div><\/div><\/div><\/div><\/div><\/div><div class=\"vc-row-container container\"><div class=\"vc_row wpb_row vc_row-fluid\"><div class=\"wpb_column vc_column_container vc_col-sm-12\"><div class=\"vc_column-inner\"><div class=\"wpb_wrapper\"><div class=\"vc_empty_space\"   style=\"height: 15px\"><span class=\"vc_empty_space_inner\"><\/span><\/div><\/div><\/div><\/div><\/div><\/div><div class=\"vc-row-container container parent--home-book-of-month\"><div data-vc-full-width=\"true\" data-vc-full-width-temp=\"true\" data-vc-full-width-init=\"false\" data-vc-parallax=\"1.5\" data-vc-parallax-image=\"https:\/\/siirienoranta.com\/wp-content\/uploads\/2021\/07\/Siiri-Enoranta-6-1.png\" class=\"vc_row wpb_row vc_row-fluid home-book-of-month vc_row-has-fill vc_row-o-content-top vc_row-flex vc_general vc_parallax vc_parallax-content-moving row-stretch\"><div class=\"wpb_column vc_column_container vc_col-sm-1\"><div class=\"vc_column-inner\"><div class=\"wpb_wrapper\"><\/div><\/div><\/div><div class=\"wpb_column vc_column_container vc_col-sm-10\"><div class=\"vc_column-inner\"><div class=\"wpb_wrapper\"><\/div><\/div><\/div><div class=\"wpb_column vc_column_container vc_col-sm-1\"><div class=\"vc_column-inner\"><div class=\"wpb_wrapper\"><\/div><\/div><\/div><\/div><div class=\"vc_row-full-width vc_clearfix\"><\/div><\/div>\n<\/div>","protected":false},"excerpt":{"rendered":"Kaikki kirjat Kansikuvaa klikkaamalla saat lis\u00e4tietoa kirjoista. Keskusteluja kukkasten kanssa Keuhkopuiden uni Maailmantytt\u00e4ret Kes\u00e4myrsky Tuhatkuolevan kirous Josir Jalatvan eriskummallinen el\u00e4m\u00e4 Surunhauras, lasinter\u00e4v\u00e4 Nokkosvallankumous Painajaisten lintukoto Gisellen kuolema Nukkuu lapsi viallinen Omenmean vallanhaltija","protected":false},"author":2,"featured_media":0,"parent":0,"menu_order":0,"comment_status":"closed","ping_status":"closed","template":"","meta":{"_acf_changed":false,"footnotes":""},"class_list":["post-1968","page","type-page","status-publish","hentry","product","catalog-layout-default","columns-xs-2"],"acf":[],"_links":{"self":[{"href":"https:\/\/siirienoranta.com\/en\/wp-json\/wp\/v2\/pages\/1968","targetHints":{"allow":["GET"]}}],"collection":[{"href":"https:\/\/siirienoranta.com\/en\/wp-json\/wp\/v2\/pages"}],"about":[{"href":"https:\/\/siirienoranta.com\/en\/wp-json\/wp\/v2\/types\/page"}],"author":[{"embeddable":true,"href":"https:\/\/siirienoranta.com\/en\/wp-json\/wp\/v2\/users\/2"}],"replies":[{"embeddable":true,"href":"https:\/\/siirienoranta.com\/en\/wp-json\/wp\/v2\/comments?post=1968"}],"version-history":[{"count":28,"href":"https:\/\/siirienoranta.com\/en\/wp-json\/wp\/v2\/pages\/1968\/revisions"}],"predecessor-version":[{"id":2837,"href":"https:\/\/siirienoranta.com\/en\/wp-json\/wp\/v2\/pages\/1968\/revisions\/2837"}],"wp:attachment":[{"href":"https:\/\/siirienoranta.com\/en\/wp-json\/wp\/v2\/media?parent=1968"}],"curies":[{"name":"wp","href":"https:\/\/api.w.org\/{rel}","templated":true}]}}